{"id":4039,"date":"2014-03-19T17:48:43","date_gmt":"2014-03-19T16:48:43","guid":{"rendered":"http:\/\/www.campuseducacion.com\/oposiciones\/?page_id=4039"},"modified":"2014-03-19T18:11:31","modified_gmt":"2014-03-19T17:11:31","slug":"campuseducacion-com-en-el-diario-del-fin-de-semana-el-pais","status":"publish","type":"page","link":"https:\/\/www.campuseducacion.com\/blog\/campuseducacion-com-en-el-diario-del-fin-de-semana-el-pais\/","title":{"rendered":"Campuseducacion.com en el Diario del fin de semana El Pais"},"content":{"rendered":"<p style=\"text-align: center;\">\u00a0 <img loading=\"lazy\" decoding=\"async\" class=\"alignnone size-full wp-image-4052\" alt=\"nina-ipad\" src=\"https:\/\/www.campuseducacion.com\/blog\/wp-content\/uploads\/2014\/03\/nina-ipad.jpg\" width=\"456\" height=\"375\" srcset=\"https:\/\/www.campuseducacion.com\/blog\/wp-content\/uploads\/2014\/03\/nina-ipad.jpg 456w, https:\/\/www.campuseducacion.com\/blog\/wp-content\/uploads\/2014\/03\/nina-ipad-150x123.jpg 150w, https:\/\/www.campuseducacion.com\/blog\/wp-content\/uploads\/2014\/03\/nina-ipad-300x247.jpg 300w\" sizes=\"auto, (max-width: 456px) 100vw, 456px\" \/><\/p>\n<p>Campuseducacion.com ha sido seleccionado por el Diario Nacional El Pais como la empresa referencia en formaci\u00f3n online del profesorado.<!--more-->El pasado s\u00e1bado 15 de marzo aparec\u00eda en el Diario El Pais <a title=\"Art\u00edculo de Campuseducacion.com en El Pais\" href=\"https:\/\/www.campuseducacion.com\/blog\/wp-content\/uploads\/2014\/03\/Campuseducacion_Periodico_El_Pais_15-03-14.pdf\" target=\"_blank\">un \u00e1rt\u00edculo a p\u00e1gina completa sobre Campuseducacion.com<\/a> como empresa referente en la formaci\u00f3n online del profesorado. La experiencia en el sector, la satisfacci\u00f3n de sus usuarios, la validez y garant\u00eda de sus accions formativas nos han convertido en n\u00fameros uno en este sector.<\/p>\n<p>Desde el departamento de formaci\u00f3n os damos a todos las gracias.<\/p>\n<p><a title=\"El Pais\" href=\"https:\/\/www.campuseducacion.com\/blog\/wp-content\/uploads\/2014\/03\/Campuseducacion_Periodico_El_Pais_15-03-14.pdf\" target=\"_blank\"><img loading=\"lazy\" decoding=\"async\" class=\"size-medium wp-image-4042 aligncenter\" alt=\"elpais\" src=\"https:\/\/www.campuseducacion.com\/blog\/wp-content\/uploads\/2014\/03\/elpais-300x65.png\" width=\"300\" height=\"65\" srcset=\"https:\/\/www.campuseducacion.com\/blog\/wp-content\/uploads\/2014\/03\/elpais-300x65.png 300w, https:\/\/www.campuseducacion.com\/blog\/wp-content\/uploads\/2014\/03\/elpais-150x33.png 150w, https:\/\/www.campuseducacion.com\/blog\/wp-content\/uploads\/2014\/03\/elpais.png 578w\" sizes=\"auto, (max-width: 300px) 100vw, 300px\" \/><\/a><\/p>\n<p>&nbsp;<\/p>\n<p>&nbsp;<\/p>\n","protected":false},"excerpt":{"rendered":"<p>\u00a0 Campuseducacion.com ha sido seleccionado por el Diario Nacional El Pais como la empresa referencia en formaci\u00f3n online del profesorado.<\/p>\n","protected":false},"author":2,"featured_media":0,"parent":0,"menu_order":0,"comment_status":"open","ping_status":"open","template":"","meta":{"tdm_status":"","tdm_grid_status":"","footnotes":""},"class_list":["post-4039","page","type-page","status-publish"],"yoast_head":"<!-- This site is optimized with the Yoast SEO plugin v27.4 - https:\/\/yoast.com\/product\/yoast-seo-wordpress\/ -->\n<title>Campuseducacion.com en el Diario del fin de semana El Pais - Campuseducacion.com<\/title>\n<meta name=\"description\" content=\"\u00a0 Campuseducacion.com ha sido seleccionado por el Diario Nacional El Pais como la empresa referencia en formaci\u00f3n online del profesorado.El pasado s\u00e1bado\" \/>\n<meta name=\"robots\" content=\"index, follow, max-snippet:-1, max-image-preview:large, max-video-preview:-1\" \/>\n<link rel=\"canonical\" href=\"https:\/\/www.campuseducacion.com\/blog\/campuseducacion-com-en-el-diario-del-fin-de-semana-el-pais\/\" \/>\n<meta property=\"og:locale\" content=\"es_ES\" \/>\n<meta property=\"og:type\" content=\"article\" \/>\n<meta property=\"og:title\" content=\"Campuseducacion.com en el Diario del fin de semana El Pais - Campuseducacion.com\" \/>\n<meta property=\"og:description\" content=\"\u00a0 Campuseducacion.com ha sido seleccionado por el Diario Nacional El Pais como la empresa referencia en formaci\u00f3n online del profesorado.El pasado s\u00e1bado\" \/>\n<meta property=\"og:url\" content=\"https:\/\/www.campuseducacion.com\/blog\/campuseducacion-com-en-el-diario-del-fin-de-semana-el-pais\/\" \/>\n<meta property=\"og:site_name\" content=\"BLOG Noticias Oposiciones y bolsas Trabajo Interinos. Campuseducacion.com\" \/>\n<meta property=\"article:publisher\" content=\"https:\/\/www.facebook.com\/Campuseducacion.es\" \/>\n<meta property=\"article:modified_time\" content=\"2014-03-19T17:11:31+00:00\" \/>\n<meta property=\"og:image\" content=\"https:\/\/www.campuseducacion.com\/blog\/wp-content\/uploads\/2014\/03\/nina-ipad.jpg\" \/>\n<meta name=\"twitter:card\" content=\"summary_large_image\" \/>\n<meta name=\"twitter:site\" content=\"@Campuseducacion\" \/>\n<script type=\"application\/ld+json\" class=\"yoast-schema-graph\">{\"@context\":\"https:\\\/\\\/schema.org\",\"@graph\":[{\"@type\":\"WebPage\",\"@id\":\"https:\\\/\\\/www.campuseducacion.com\\\/blog\\\/campuseducacion-com-en-el-diario-del-fin-de-semana-el-pais\\\/\",\"url\":\"https:\\\/\\\/www.campuseducacion.com\\\/blog\\\/campuseducacion-com-en-el-diario-del-fin-de-semana-el-pais\\\/\",\"name\":\"Campuseducacion.com en el Diario del fin de semana El Pais - Campuseducacion.com\",\"isPartOf\":{\"@id\":\"https:\\\/\\\/www.campuseducacion.com\\\/blog\\\/#website\"},\"primaryImageOfPage\":{\"@id\":\"https:\\\/\\\/www.campuseducacion.com\\\/blog\\\/campuseducacion-com-en-el-diario-del-fin-de-semana-el-pais\\\/#primaryimage\"},\"image\":{\"@id\":\"https:\\\/\\\/www.campuseducacion.com\\\/blog\\\/campuseducacion-com-en-el-diario-del-fin-de-semana-el-pais\\\/#primaryimage\"},\"thumbnailUrl\":\"https:\\\/\\\/www.campuseducacion.com\\\/blog\\\/wp-content\\\/uploads\\\/2014\\\/03\\\/nina-ipad.jpg\",\"datePublished\":\"2014-03-19T16:48:43+00:00\",\"dateModified\":\"2014-03-19T17:11:31+00:00\",\"description\":\"\u00a0 Campuseducacion.com ha sido seleccionado por el Diario Nacional El Pais como la empresa referencia en formaci\u00f3n online del profesorado.El pasado s\u00e1bado\",\"breadcrumb\":{\"@id\":\"https:\\\/\\\/www.campuseducacion.com\\\/blog\\\/campuseducacion-com-en-el-diario-del-fin-de-semana-el-pais\\\/#breadcrumb\"},\"inLanguage\":\"es\",\"potentialAction\":[{\"@type\":\"ReadAction\",\"target\":[\"https:\\\/\\\/www.campuseducacion.com\\\/blog\\\/campuseducacion-com-en-el-diario-del-fin-de-semana-el-pais\\\/\"]}]},{\"@type\":\"ImageObject\",\"inLanguage\":\"es\",\"@id\":\"https:\\\/\\\/www.campuseducacion.com\\\/blog\\\/campuseducacion-com-en-el-diario-del-fin-de-semana-el-pais\\\/#primaryimage\",\"url\":\"https:\\\/\\\/www.campuseducacion.com\\\/blog\\\/wp-content\\\/uploads\\\/2014\\\/03\\\/nina-ipad.jpg\",\"contentUrl\":\"https:\\\/\\\/www.campuseducacion.com\\\/blog\\\/wp-content\\\/uploads\\\/2014\\\/03\\\/nina-ipad.jpg\",\"width\":456,\"height\":375,\"caption\":\"DidactyTab\"},{\"@type\":\"BreadcrumbList\",\"@id\":\"https:\\\/\\\/www.campuseducacion.com\\\/blog\\\/campuseducacion-com-en-el-diario-del-fin-de-semana-el-pais\\\/#breadcrumb\",\"itemListElement\":[{\"@type\":\"ListItem\",\"position\":1,\"name\":\"Portada\",\"item\":\"https:\\\/\\\/www.campuseducacion.com\\\/blog\\\/\"},{\"@type\":\"ListItem\",\"position\":2,\"name\":\"Campuseducacion.com en el Diario del fin de semana El Pais\"}]},{\"@type\":\"WebSite\",\"@id\":\"https:\\\/\\\/www.campuseducacion.com\\\/blog\\\/#website\",\"url\":\"https:\\\/\\\/www.campuseducacion.com\\\/blog\\\/\",\"name\":\"BLOG Noticias Oposiciones y bolsas Trabajo Interinos. Campuseducacion.com\",\"description\":\"Actualidad en Oposiciones Maestros de Infantil Primaria y Profesores Secundaria\",\"potentialAction\":[{\"@type\":\"SearchAction\",\"target\":{\"@type\":\"EntryPoint\",\"urlTemplate\":\"https:\\\/\\\/www.campuseducacion.com\\\/blog\\\/?s={search_term_string}\"},\"query-input\":{\"@type\":\"PropertyValueSpecification\",\"valueRequired\":true,\"valueName\":\"search_term_string\"}}],\"inLanguage\":\"es\"}]}<\/script>\n<!-- \/ Yoast SEO plugin. -->","yoast_head_json":{"title":"Campuseducacion.com en el Diario del fin de semana El Pais - Campuseducacion.com","description":"\u00a0 Campuseducacion.com ha sido seleccionado por el Diario Nacional El Pais como la empresa referencia en formaci\u00f3n online del profesorado.El pasado s\u00e1bado","robots":{"index":"index","follow":"follow","max-snippet":"max-snippet:-1","max-image-preview":"max-image-preview:large","max-video-preview":"max-video-preview:-1"},"canonical":"https:\/\/www.campuseducacion.com\/blog\/campuseducacion-com-en-el-diario-del-fin-de-semana-el-pais\/","og_locale":"es_ES","og_type":"article","og_title":"Campuseducacion.com en el Diario del fin de semana El Pais - Campuseducacion.com","og_description":"\u00a0 Campuseducacion.com ha sido seleccionado por el Diario Nacional El Pais como la empresa referencia en formaci\u00f3n online del profesorado.El pasado s\u00e1bado","og_url":"https:\/\/www.campuseducacion.com\/blog\/campuseducacion-com-en-el-diario-del-fin-de-semana-el-pais\/","og_site_name":"BLOG Noticias Oposiciones y bolsas Trabajo Interinos. Campuseducacion.com","article_publisher":"https:\/\/www.facebook.com\/Campuseducacion.es","article_modified_time":"2014-03-19T17:11:31+00:00","og_image":[{"url":"https:\/\/www.campuseducacion.com\/blog\/wp-content\/uploads\/2014\/03\/nina-ipad.jpg","type":"","width":"","height":""}],"twitter_card":"summary_large_image","twitter_site":"@Campuseducacion","schema":{"@context":"https:\/\/schema.org","@graph":[{"@type":"WebPage","@id":"https:\/\/www.campuseducacion.com\/blog\/campuseducacion-com-en-el-diario-del-fin-de-semana-el-pais\/","url":"https:\/\/www.campuseducacion.com\/blog\/campuseducacion-com-en-el-diario-del-fin-de-semana-el-pais\/","name":"Campuseducacion.com en el Diario del fin de semana El Pais - Campuseducacion.com","isPartOf":{"@id":"https:\/\/www.campuseducacion.com\/blog\/#website"},"primaryImageOfPage":{"@id":"https:\/\/www.campuseducacion.com\/blog\/campuseducacion-com-en-el-diario-del-fin-de-semana-el-pais\/#primaryimage"},"image":{"@id":"https:\/\/www.campuseducacion.com\/blog\/campuseducacion-com-en-el-diario-del-fin-de-semana-el-pais\/#primaryimage"},"thumbnailUrl":"https:\/\/www.campuseducacion.com\/blog\/wp-content\/uploads\/2014\/03\/nina-ipad.jpg","datePublished":"2014-03-19T16:48:43+00:00","dateModified":"2014-03-19T17:11:31+00:00","description":"\u00a0 Campuseducacion.com ha sido seleccionado por el Diario Nacional El Pais como la empresa referencia en formaci\u00f3n online del profesorado.El pasado s\u00e1bado","breadcrumb":{"@id":"https:\/\/www.campuseducacion.com\/blog\/campuseducacion-com-en-el-diario-del-fin-de-semana-el-pais\/#breadcrumb"},"inLanguage":"es","potentialAction":[{"@type":"ReadAction","target":["https:\/\/www.campuseducacion.com\/blog\/campuseducacion-com-en-el-diario-del-fin-de-semana-el-pais\/"]}]},{"@type":"ImageObject","inLanguage":"es","@id":"https:\/\/www.campuseducacion.com\/blog\/campuseducacion-com-en-el-diario-del-fin-de-semana-el-pais\/#primaryimage","url":"https:\/\/www.campuseducacion.com\/blog\/wp-content\/uploads\/2014\/03\/nina-ipad.jpg","contentUrl":"https:\/\/www.campuseducacion.com\/blog\/wp-content\/uploads\/2014\/03\/nina-ipad.jpg","width":456,"height":375,"caption":"DidactyTab"},{"@type":"BreadcrumbList","@id":"https:\/\/www.campuseducacion.com\/blog\/campuseducacion-com-en-el-diario-del-fin-de-semana-el-pais\/#breadcrumb","itemListElement":[{"@type":"ListItem","position":1,"name":"Portada","item":"https:\/\/www.campuseducacion.com\/blog\/"},{"@type":"ListItem","position":2,"name":"Campuseducacion.com en el Diario del fin de semana El Pais"}]},{"@type":"WebSite","@id":"https:\/\/www.campuseducacion.com\/blog\/#website","url":"https:\/\/www.campuseducacion.com\/blog\/","name":"BLOG Noticias Oposiciones y bolsas Trabajo Interinos. Campuseducacion.com","description":"Actualidad en Oposiciones Maestros de Infantil Primaria y Profesores Secundaria","potentialAction":[{"@type":"SearchAction","target":{"@type":"EntryPoint","urlTemplate":"https:\/\/www.campuseducacion.com\/blog\/?s={search_term_string}"},"query-input":{"@type":"PropertyValueSpecification","valueRequired":true,"valueName":"search_term_string"}}],"inLanguage":"es"}]}},"amp_enabled":true,"_links":{"self":[{"href":"https:\/\/www.campuseducacion.com\/blog\/wp-json\/wp\/v2\/pages\/4039","targetHints":{"allow":["GET"]}}],"collection":[{"href":"https:\/\/www.campuseducacion.com\/blog\/wp-json\/wp\/v2\/pages"}],"about":[{"href":"https:\/\/www.campuseducacion.com\/blog\/wp-json\/wp\/v2\/types\/page"}],"author":[{"embeddable":true,"href":"https:\/\/www.campuseducacion.com\/blog\/wp-json\/wp\/v2\/users\/2"}],"replies":[{"embeddable":true,"href":"https:\/\/www.campuseducacion.com\/blog\/wp-json\/wp\/v2\/comments?post=4039"}],"version-history":[{"count":9,"href":"https:\/\/www.campuseducacion.com\/blog\/wp-json\/wp\/v2\/pages\/4039\/revisions"}],"predecessor-version":[{"id":4053,"href":"https:\/\/www.campuseducacion.com\/blog\/wp-json\/wp\/v2\/pages\/4039\/revisions\/4053"}],"wp:attachment":[{"href":"https:\/\/www.campuseducacion.com\/blog\/wp-json\/wp\/v2\/media?parent=4039"}],"curies":[{"name":"wp","href":"https:\/\/api.w.org\/{rel}","templated":true}]}}