{"id":5093,"date":"2015-02-27T09:33:59","date_gmt":"2015-02-27T08:33:59","guid":{"rendered":"http:\/\/www.campuseducacion.com\/oposiciones\/?page_id=5093"},"modified":"2021-01-20T11:07:59","modified_gmt":"2021-01-20T10:07:59","slug":"suscripcion","status":"publish","type":"page","link":"https:\/\/www.campuseducacion.com\/blog\/suscripcion\/","title":{"rendered":"Suscr\u00edbete a las \u00daltimas Novedades de Educaci\u00f3n"},"content":{"rendered":"<p><img loading=\"lazy\" decoding=\"async\" class=\"aligncenter wp-image-21209 size-full\" src=\"https:\/\/www.campuseducacion.com\/blog\/wp-content\/uploads\/2020\/12\/Formulario-Suscribete-Blog-fondo.jpg\" alt=\"\" width=\"696\" height=\"491\" srcset=\"https:\/\/www.campuseducacion.com\/blog\/wp-content\/uploads\/2020\/12\/Formulario-Suscribete-Blog-fondo.jpg 696w, https:\/\/www.campuseducacion.com\/blog\/wp-content\/uploads\/2020\/12\/Formulario-Suscribete-Blog-fondo-300x212.jpg 300w, https:\/\/www.campuseducacion.com\/blog\/wp-content\/uploads\/2020\/12\/Formulario-Suscribete-Blog-fondo-150x106.jpg 150w, https:\/\/www.campuseducacion.com\/blog\/wp-content\/uploads\/2020\/12\/Formulario-Suscribete-Blog-fondo-600x423.jpg 600w, https:\/\/www.campuseducacion.com\/blog\/wp-content\/uploads\/2020\/12\/Formulario-Suscribete-Blog-fondo-595x420.jpg 595w, https:\/\/www.campuseducacion.com\/blog\/wp-content\/uploads\/2020\/12\/Formulario-Suscribete-Blog-fondo-100x70.jpg 100w\" sizes=\"auto, (max-width: 696px) 100vw, 696px\" \/>  \n  \n  <div class=\"\n    mailpoet_form_popup_overlay\n      \"><\/div>\n  <div\n    id=\"mailpoet_form_1\"\n    class=\"\n      mailpoet_form\n      mailpoet_form_shortcode\n      mailpoet_form_position_\n      mailpoet_form_animation_\n    \"\n      >\n\n    <style type=\"text\/css\">\n     #mailpoet_form_1 .mailpoet_form {  }\n#mailpoet_form_1 .mailpoet_column_with_background { padding: 10px; }\n#mailpoet_form_1 .mailpoet_form_column:not(:first-child) { margin-left: 20px; }\n#mailpoet_form_1 .mailpoet_paragraph { line-height: 20px; margin-bottom: 20px; }\n#mailpoet_form_1 .mailpoet_segment_label, #mailpoet_form_1 .mailpoet_text_label, #mailpoet_form_1 .mailpoet_textarea_label, #mailpoet_form_1 .mailpoet_select_label, #mailpoet_form_1 .mailpoet_radio_label, #mailpoet_form_1 .mailpoet_checkbox_label, #mailpoet_form_1 .mailpoet_list_label, #mailpoet_form_1 .mailpoet_date_label { display: block; font-weight: normal; }\n#mailpoet_form_1 .mailpoet_text, #mailpoet_form_1 .mailpoet_textarea, #mailpoet_form_1 .mailpoet_select, #mailpoet_form_1 .mailpoet_date_month, #mailpoet_form_1 .mailpoet_date_day, #mailpoet_form_1 .mailpoet_date_year, #mailpoet_form_1 .mailpoet_date { display: block; }\n#mailpoet_form_1 .mailpoet_text, #mailpoet_form_1 .mailpoet_textarea { width: 200px; }\n#mailpoet_form_1 .mailpoet_checkbox {  }\n#mailpoet_form_1 .mailpoet_submit {  }\n#mailpoet_form_1 .mailpoet_divider {  }\n#mailpoet_form_1 .mailpoet_message {  }\n#mailpoet_form_1 .mailpoet_form_loading { width: 30px; text-align: center; line-height: normal; }\n#mailpoet_form_1 .mailpoet_form_loading > span { width: 5px; height: 5px; background-color: #5b5b5b; }#mailpoet_form_1{;}#mailpoet_form_1 .mailpoet_message {margin: 0; padding: 0 20px;}#mailpoet_form_1 .mailpoet_paragraph.last {margin-bottom: 0} @media (max-width: 500px) {#mailpoet_form_1 {background-image: none;}} @media (min-width: 500px) {#mailpoet_form_1 .last .mailpoet_paragraph:last-child {margin-bottom: 0}}  @media (max-width: 500px) {#mailpoet_form_1 .mailpoet_form_column:last-child .mailpoet_paragraph:last-child {margin-bottom: 0}} \n    <\/style>\n\n    <form\n      target=\"_self\"\n      method=\"post\"\n      action=\"https:\/\/www.campuseducacion.com\/blog\/wp-admin\/admin-post.php?action=mailpoet_subscription_form\"\n      class=\"mailpoet_form mailpoet_form_form mailpoet_form_shortcode\"\n      novalidate\n      data-delay=\"\"\n      data-exit-intent-enabled=\"\"\n      data-font-family=\"\"\n      data-cookie-expiration-time=\"\"\n    >\n      <input type=\"hidden\" name=\"data[form_id]\" value=\"1\" \/>\n      <input type=\"hidden\" name=\"token\" value=\"853a35d62c\" \/>\n      <input type=\"hidden\" name=\"api_version\" value=\"v1\" \/>\n      <input type=\"hidden\" name=\"endpoint\" value=\"subscribers\" \/>\n      <input type=\"hidden\" name=\"mailpoet_method\" value=\"subscribe\" \/>\n\n      <label class=\"mailpoet_hp_email_label\" style=\"display: none !important;\">Por favor, deja este campo vac\u00edo<input type=\"email\" name=\"data[email]\"\/><\/label><div class=\"mailpoet_paragraph\"><input type=\"email\" autocomplete=\"email\" class=\"mailpoet_text\" id=\"form_email_1\" name=\"data[form_field_YWY1MTdiZjM1YTgxX2VtYWls]\" title=\"Correo Electr\u00f3nico\" value=\"\" data-automation-id=\"form_email\"  placeholder=\"Correo Electr\u00f3nico *\" aria-label=\"Correo Electr\u00f3nico *\" data-parsley-errors-container=\".mailpoet_error_17q9r\" data-parsley-required=\"true\" required aria-required=\"true\" data-parsley-minlength=\"6\" data-parsley-maxlength=\"150\" data-parsley-type-message=\"Este valor debe ser un correo electr\u00f3nico v\u00e1lido.\" data-parsley-required-message=\"Este campo es obligatorio.\"\/><span class=\"mailpoet_error_17q9r\"><\/span><\/div>\n<div class=\"mailpoet_paragraph\" ><label style=\"font-size:12px\"> He le\u00eddo y acepto la <a class=\"btn-link\" href=\"https:\/\/www.campuseducacion.com\/politica-de-privacidad\" target=\"_blank\">Pol\u00edtica de Privacidad<\/a><\/div>\n<div class=\"mailpoet_paragraph\"><input type=\"submit\" class=\"mailpoet_submit\" value=\"\u00a1Suscr\u00edbete!\" data-automation-id=\"subscribe-submit-button\" style=\"border-color:transparent;\" \/><span class=\"mailpoet_form_loading\"><span class=\"mailpoet_bounce1\"><\/span><span class=\"mailpoet_bounce2\"><\/span><span class=\"mailpoet_bounce3\"><\/span><\/span><\/div>\n\n      <div class=\"mailpoet_message\">\n        <p class=\"mailpoet_validate_success\"\n                style=\"display:none;\"\n                >Comprueba tu bandeja de entrada o de spam ahora para confirmar tu suscripci\u00f3n.\n        <\/p>\n        <p class=\"mailpoet_validate_error\"\n                style=\"display:none;\"\n                >        <\/p>\n      <\/div>\n    <\/form>\n\n      <\/div>\n<p><img loading=\"lazy\" decoding=\"async\" class=\"aligncenter wp-image-21208 size-full\" src=\"https:\/\/www.campuseducacion.com\/blog\/wp-content\/uploads\/2020\/12\/guia-opositor-pdf.jpg\" alt=\"\" width=\"696\" height=\"255\" srcset=\"https:\/\/www.campuseducacion.com\/blog\/wp-content\/uploads\/2020\/12\/guia-opositor-pdf.jpg 696w, https:\/\/www.campuseducacion.com\/blog\/wp-content\/uploads\/2020\/12\/guia-opositor-pdf-300x110.jpg 300w, https:\/\/www.campuseducacion.com\/blog\/wp-content\/uploads\/2020\/12\/guia-opositor-pdf-150x55.jpg 150w, https:\/\/www.campuseducacion.com\/blog\/wp-content\/uploads\/2020\/12\/guia-opositor-pdf-600x220.jpg 600w\" sizes=\"auto, (max-width: 696px) 100vw, 696px\" \/><\/p>\n<style>\n.td-page-content #mailpoet_form_1 {\nwidth: 54%;\nfloat: right;\nmargin-top: -195px;\npadding-right: 20px;\nposition: relative;\n}\n.td-page-content #mailpoet_form_1 .mailpoet_paragraph input {\nborder-color: orange;\nfont-family: Abel;\nfont-size: 13pt;\nfont-weight: bold;\ncolor: gray;\n}\n.td-page-content #mailpoet_form_1 .mailpoet_paragraph .mailpoet_text{\nwidth: 100%;\n}\n.td-page-content #mailpoet_form_1 label {\nfont-family: Abel;\nfont-size: 12pt !important;\nfont-weight: bold;\npadding-left: 20px;\n}\n.td-page-content #mailpoet_form_1 label a {\ncolor: #64899b;\n}\n.td-page-content #mailpoet_form_1 .mailpoet_paragraph {\nmargin-bottom: 10px;\n}\n.td-page-content #mailpoet_form_1 .mailpoet_submit {\ndisplay: block;\nwidth: 210px;\nbackground-color: #64899b;\nmargin-left: auto;\nmargin-right: auto;\nfont-family: Abel !important;\nfont-weight: bold !important;\ntext-transform: uppercase;\nfont-size: 18pt !important;\nline-height: 22pt;\ncolor: white !important;\n}\n@media(max-width:1018px){\n.td-page-content #mailpoet_form_1 {\nwidth: 54%;\nfloat: right;\nmargin-top: -140px;\npadding-right: 20px;\nposition: relative;\n}\n.td-page-content #mailpoet_form_1 .mailpoet_paragraph input {\nborder-color: orange;\nfont-family: Abel;\nfont-size: 9pt;\nfont-weight: bold;\ncolor: gray;\n}\n.td-page-content #mailpoet_form_1 label {\nfont-family: Abel;\nfont-size: 8pt !important;\nfont-weight: bold;\npadding-left: 10px;\n}\n.td-page-content #mailpoet_form_1 label a {\ncolor: #64899b;\n}\n.td-page-content #mailpoet_form_1 .mailpoet_paragraph {\nmargin-bottom: 10px;\n}\n.td-page-content #mailpoet_form_1 .mailpoet_submit {\nwidth: 170px;\nbackground-color: #64899b;\nmargin-left: auto;\nmargin-right: auto;\nfont-family: Abel;\nfont-weight: bold;\ntext-transform: uppercase;\nfont-size: 14pt;\nline-height: 13pt;\n}\n}\n<\/style>\n","protected":false},"excerpt":{"rendered":"#mailpoet_form_1 .mailpoet_form { } #mailpoet_form_1 .mailpoet_column_with_background { padding: 10px; } #mailpoet_form_1 .mailpoet_form_column:not(:first-child) { margin-left: 20px; } #mailpoet_form_1 .mailpoet_paragraph { line-height: 20px; margin-bottom: 20px; } #mailpoet_form_1 .mailpoet_segment_label, #mailpoet_form_1 .mailpoet_text_label, #mailpoet_form_1 .mailpoet_textarea_label, #mailpoet_form_1 .mailpoet_select_label, #mailpoet_form_1 .mailpoet_radio_label, #mailpoet_form_1 .mailpoet_checkbox_label, #mailpoet_form_1 .mailpoet_list_label, #mailpoet_form_1 .mailpoet_date_label { display: block; font-weight: normal; } #mailpoet_form_1 .mailpoet_text, #mailpoet_form_1 .mailpoet_textarea, #mailpoet_form_1 .mailpoet_select, #mailpoet_form_1 .mailpoet_date_month, #mailpoet_form_1 [...]","protected":false},"author":2,"featured_media":0,"parent":0,"menu_order":0,"comment_status":"open","ping_status":"closed","template":"","meta":{"tdm_status":"","tdm_grid_status":"","footnotes":""},"class_list":["post-5093","page","type-page","status-publish"],"yoast_head":"<!-- This site is optimized with the Yoast SEO plugin v27.4 - https:\/\/yoast.com\/product\/yoast-seo-wordpress\/ -->\n<title>Suscr\u00edbete a las \u00daltimas Novedades de Educaci\u00f3n - Campuseducacion.com<\/title>\n<meta name=\"robots\" content=\"index, follow, max-snippet:-1, max-image-preview:large, max-video-preview:-1\" \/>\n<link rel=\"canonical\" href=\"https:\/\/www.campuseducacion.com\/blog\/suscripcion\/\" \/>\n<meta property=\"og:locale\" content=\"es_ES\" \/>\n<meta property=\"og:type\" content=\"article\" \/>\n<meta property=\"og:title\" content=\"Suscr\u00edbete a las \u00daltimas Novedades de Educaci\u00f3n - Campuseducacion.com\" \/>\n<meta property=\"og:url\" content=\"https:\/\/www.campuseducacion.com\/blog\/suscripcion\/\" \/>\n<meta property=\"og:site_name\" content=\"BLOG Noticias Oposiciones y bolsas Trabajo Interinos. Campuseducacion.com\" \/>\n<meta property=\"article:publisher\" content=\"https:\/\/www.facebook.com\/Campuseducacion.es\" \/>\n<meta property=\"article:modified_time\" content=\"2021-01-20T10:07:59+00:00\" \/>\n<meta property=\"og:image\" content=\"https:\/\/www.campuseducacion.com\/blog\/wp-content\/uploads\/2020\/12\/Formulario-Suscribete-Blog-fondo.jpg\" \/>\n<meta name=\"twitter:card\" content=\"summary_large_image\" \/>\n<meta name=\"twitter:site\" content=\"@Campuseducacion\" \/>\n<script type=\"application\/ld+json\" class=\"yoast-schema-graph\">{\"@context\":\"https:\\\/\\\/schema.org\",\"@graph\":[{\"@type\":\"WebPage\",\"@id\":\"https:\\\/\\\/www.campuseducacion.com\\\/blog\\\/suscripcion\\\/\",\"url\":\"https:\\\/\\\/www.campuseducacion.com\\\/blog\\\/suscripcion\\\/\",\"name\":\"Suscr\u00edbete a las \u00daltimas Novedades de Educaci\u00f3n - Campuseducacion.com\",\"isPartOf\":{\"@id\":\"https:\\\/\\\/www.campuseducacion.com\\\/blog\\\/#website\"},\"primaryImageOfPage\":{\"@id\":\"https:\\\/\\\/www.campuseducacion.com\\\/blog\\\/suscripcion\\\/#primaryimage\"},\"image\":{\"@id\":\"https:\\\/\\\/www.campuseducacion.com\\\/blog\\\/suscripcion\\\/#primaryimage\"},\"thumbnailUrl\":\"https:\\\/\\\/www.campuseducacion.com\\\/blog\\\/wp-content\\\/uploads\\\/2020\\\/12\\\/Formulario-Suscribete-Blog-fondo.jpg\",\"datePublished\":\"2015-02-27T08:33:59+00:00\",\"dateModified\":\"2021-01-20T10:07:59+00:00\",\"breadcrumb\":{\"@id\":\"https:\\\/\\\/www.campuseducacion.com\\\/blog\\\/suscripcion\\\/#breadcrumb\"},\"inLanguage\":\"es\",\"potentialAction\":[{\"@type\":\"ReadAction\",\"target\":[\"https:\\\/\\\/www.campuseducacion.com\\\/blog\\\/suscripcion\\\/\"]}]},{\"@type\":\"ImageObject\",\"inLanguage\":\"es\",\"@id\":\"https:\\\/\\\/www.campuseducacion.com\\\/blog\\\/suscripcion\\\/#primaryimage\",\"url\":\"https:\\\/\\\/www.campuseducacion.com\\\/blog\\\/wp-content\\\/uploads\\\/2020\\\/12\\\/Formulario-Suscribete-Blog-fondo.jpg\",\"contentUrl\":\"https:\\\/\\\/www.campuseducacion.com\\\/blog\\\/wp-content\\\/uploads\\\/2020\\\/12\\\/Formulario-Suscribete-Blog-fondo.jpg\",\"width\":696,\"height\":491},{\"@type\":\"BreadcrumbList\",\"@id\":\"https:\\\/\\\/www.campuseducacion.com\\\/blog\\\/suscripcion\\\/#breadcrumb\",\"itemListElement\":[{\"@type\":\"ListItem\",\"position\":1,\"name\":\"Portada\",\"item\":\"https:\\\/\\\/www.campuseducacion.com\\\/blog\\\/\"},{\"@type\":\"ListItem\",\"position\":2,\"name\":\"Suscr\u00edbete a las \u00daltimas Novedades de Educaci\u00f3n\"}]},{\"@type\":\"WebSite\",\"@id\":\"https:\\\/\\\/www.campuseducacion.com\\\/blog\\\/#website\",\"url\":\"https:\\\/\\\/www.campuseducacion.com\\\/blog\\\/\",\"name\":\"BLOG Noticias Oposiciones y bolsas Trabajo Interinos. Campuseducacion.com\",\"description\":\"Actualidad en Oposiciones Maestros de Infantil Primaria y Profesores Secundaria\",\"potentialAction\":[{\"@type\":\"SearchAction\",\"target\":{\"@type\":\"EntryPoint\",\"urlTemplate\":\"https:\\\/\\\/www.campuseducacion.com\\\/blog\\\/?s={search_term_string}\"},\"query-input\":{\"@type\":\"PropertyValueSpecification\",\"valueRequired\":true,\"valueName\":\"search_term_string\"}}],\"inLanguage\":\"es\"}]}<\/script>\n<!-- \/ Yoast SEO plugin. -->","yoast_head_json":{"title":"Suscr\u00edbete a las \u00daltimas Novedades de Educaci\u00f3n - Campuseducacion.com","robots":{"index":"index","follow":"follow","max-snippet":"max-snippet:-1","max-image-preview":"max-image-preview:large","max-video-preview":"max-video-preview:-1"},"canonical":"https:\/\/www.campuseducacion.com\/blog\/suscripcion\/","og_locale":"es_ES","og_type":"article","og_title":"Suscr\u00edbete a las \u00daltimas Novedades de Educaci\u00f3n - Campuseducacion.com","og_url":"https:\/\/www.campuseducacion.com\/blog\/suscripcion\/","og_site_name":"BLOG Noticias Oposiciones y bolsas Trabajo Interinos. Campuseducacion.com","article_publisher":"https:\/\/www.facebook.com\/Campuseducacion.es","article_modified_time":"2021-01-20T10:07:59+00:00","og_image":[{"url":"https:\/\/www.campuseducacion.com\/blog\/wp-content\/uploads\/2020\/12\/Formulario-Suscribete-Blog-fondo.jpg","type":"","width":"","height":""}],"twitter_card":"summary_large_image","twitter_site":"@Campuseducacion","schema":{"@context":"https:\/\/schema.org","@graph":[{"@type":"WebPage","@id":"https:\/\/www.campuseducacion.com\/blog\/suscripcion\/","url":"https:\/\/www.campuseducacion.com\/blog\/suscripcion\/","name":"Suscr\u00edbete a las \u00daltimas Novedades de Educaci\u00f3n - Campuseducacion.com","isPartOf":{"@id":"https:\/\/www.campuseducacion.com\/blog\/#website"},"primaryImageOfPage":{"@id":"https:\/\/www.campuseducacion.com\/blog\/suscripcion\/#primaryimage"},"image":{"@id":"https:\/\/www.campuseducacion.com\/blog\/suscripcion\/#primaryimage"},"thumbnailUrl":"https:\/\/www.campuseducacion.com\/blog\/wp-content\/uploads\/2020\/12\/Formulario-Suscribete-Blog-fondo.jpg","datePublished":"2015-02-27T08:33:59+00:00","dateModified":"2021-01-20T10:07:59+00:00","breadcrumb":{"@id":"https:\/\/www.campuseducacion.com\/blog\/suscripcion\/#breadcrumb"},"inLanguage":"es","potentialAction":[{"@type":"ReadAction","target":["https:\/\/www.campuseducacion.com\/blog\/suscripcion\/"]}]},{"@type":"ImageObject","inLanguage":"es","@id":"https:\/\/www.campuseducacion.com\/blog\/suscripcion\/#primaryimage","url":"https:\/\/www.campuseducacion.com\/blog\/wp-content\/uploads\/2020\/12\/Formulario-Suscribete-Blog-fondo.jpg","contentUrl":"https:\/\/www.campuseducacion.com\/blog\/wp-content\/uploads\/2020\/12\/Formulario-Suscribete-Blog-fondo.jpg","width":696,"height":491},{"@type":"BreadcrumbList","@id":"https:\/\/www.campuseducacion.com\/blog\/suscripcion\/#breadcrumb","itemListElement":[{"@type":"ListItem","position":1,"name":"Portada","item":"https:\/\/www.campuseducacion.com\/blog\/"},{"@type":"ListItem","position":2,"name":"Suscr\u00edbete a las \u00daltimas Novedades de Educaci\u00f3n"}]},{"@type":"WebSite","@id":"https:\/\/www.campuseducacion.com\/blog\/#website","url":"https:\/\/www.campuseducacion.com\/blog\/","name":"BLOG Noticias Oposiciones y bolsas Trabajo Interinos. Campuseducacion.com","description":"Actualidad en Oposiciones Maestros de Infantil Primaria y Profesores Secundaria","potentialAction":[{"@type":"SearchAction","target":{"@type":"EntryPoint","urlTemplate":"https:\/\/www.campuseducacion.com\/blog\/?s={search_term_string}"},"query-input":{"@type":"PropertyValueSpecification","valueRequired":true,"valueName":"search_term_string"}}],"inLanguage":"es"}]}},"amp_enabled":true,"_links":{"self":[{"href":"https:\/\/www.campuseducacion.com\/blog\/wp-json\/wp\/v2\/pages\/5093","targetHints":{"allow":["GET"]}}],"collection":[{"href":"https:\/\/www.campuseducacion.com\/blog\/wp-json\/wp\/v2\/pages"}],"about":[{"href":"https:\/\/www.campuseducacion.com\/blog\/wp-json\/wp\/v2\/types\/page"}],"author":[{"embeddable":true,"href":"https:\/\/www.campuseducacion.com\/blog\/wp-json\/wp\/v2\/users\/2"}],"replies":[{"embeddable":true,"href":"https:\/\/www.campuseducacion.com\/blog\/wp-json\/wp\/v2\/comments?post=5093"}],"version-history":[{"count":35,"href":"https:\/\/www.campuseducacion.com\/blog\/wp-json\/wp\/v2\/pages\/5093\/revisions"}],"predecessor-version":[{"id":21476,"href":"https:\/\/www.campuseducacion.com\/blog\/wp-json\/wp\/v2\/pages\/5093\/revisions\/21476"}],"wp:attachment":[{"href":"https:\/\/www.campuseducacion.com\/blog\/wp-json\/wp\/v2\/media?parent=5093"}],"curies":[{"name":"wp","href":"https:\/\/api.w.org\/{rel}","templated":true}]}}