{"id":837,"date":"2013-05-18T10:41:50","date_gmt":"2013-05-18T08:41:50","guid":{"rendered":"http:\/\/www.campuseducacion.com\/oposiciones\/?page_id=837"},"modified":"2015-02-17T13:21:52","modified_gmt":"2015-02-17T12:21:52","slug":"oposiciones-de-maestros-y-profesores-legislacion-y-normativa","status":"publish","type":"page","link":"https:\/\/www.campuseducacion.com\/blog\/oposiciones-de-maestros-y-profesores-legislacion-y-normativa\/","title":{"rendered":"Oposiciones de Maestros y Profesores: Legislaci\u00f3n y Normativa."},"content":{"rendered":"<div>A los procesos selectivos de las diferentes Comunidades Aut\u00f3nomas, adem\u00e1s de las Correspondientes Convocatorias de oposici\u00f3n, les ser\u00e1n de aplicaci\u00f3n la <strong>siguiente normativa<\/strong>:<\/div>\n<ul>\n<li><a title=\"Enlace externo, se abre en ventana nueva\" href=\"http:\/\/www.boe.es\/boe\/dias\/2012\/02\/07\/pdfs\/BOE-A-2012-1825.pdf\" rel=\"external\">Orden ECD\/191\/2012, de 6 de febrero<\/a> , por la que se regulan los temarios que han de regir en los procedimientos de ingreso, accesos y adquisici\u00f3n de nuevas especialidades en los cuerpos docentes establecidos en la Ley Org\u00e1nica 2\/2006, de 3 de mayo, de Educaci\u00f3n.<\/li>\n<li><a title=\"Enlace externo, se abre en ventana nueva\" href=\"http:\/\/www.boe.es\/boe\/dias\/2011\/11\/09\/pdfs\/BOE-A-2011-17630.pdf\" rel=\"external\">Real Decreto 1594\/2011, de 4 de noviembre<\/a> , por el que se establecen las especialidades docentes del Cuerpo de Maestros que desempe\u00f1en sus funciones en las etapas de Educaci\u00f3n Infantil y de Educaci\u00f3n Primaria reguladas en la Ley Org\u00e1nica 2\/2006, de 3 de mayo, de Educaci\u00f3n.<\/li>\n<li><a title=\"Enlace externo, se abre en ventana nueva\" href=\"http:\/\/www.boe.es\/boe\/dias\/2011\/10\/05\/pdfs\/BOE-A-2011-15628.pdf\" rel=\"external\">Orden EDU\/2645\/2011, de 23 de septiembre<\/a> , por la que se establece la formaci\u00f3n equivalente a la formaci\u00f3n pedag\u00f3gica y did\u00e1ctica exigida para aquellas personas que estando en posesi\u00f3n de una titulaci\u00f3n declarada quivalente a efectos de docencia no pueden realizar los estudios de m\u00e1ster.<\/li>\n<li>\u00a0<a title=\"Enlace externo, se abre en ventana nueva\" href=\"http:\/\/www.boe.es\/boe\/dias\/2009\/12\/21\/pdfs\/BOE-A-2009-20550.pdf\" rel=\"external\">Orden EDU\/3429\/2009, de 11 de diciembre<\/a> , por la que se aprueba el temario de la fase de oposici\u00f3n del procedimiento selectivo de acceso al Cuerpo de Inspectores de Educaci\u00f3n.<\/li>\n<li><a title=\"Enlace externo, se abre en ventana nueva\" href=\"http:\/\/www.boe.es\/boe\/dias\/2010\/02\/06\/pdfs\/BOE-A-2010-1918.pdf\" rel=\"external\">Real Decreto 48\/2010, de 22 de enero<\/a> , por el que se modifica el Real Decreto 276\/2007, de 23 de febrero, por el que se aprueba el Reglamento de ingreso, accesos y adquisici\u00f3n de nuevas especialidades en los cuerpos docentes a que se refiere la Ley Org\u00e1nica 2\/2006, de 3 de mayo, de Educaci\u00f3n, y se regula el r\u00e9gimen transitorio de ingreso a que se refiere la disposici\u00f3n transitoria decimos\u00e9ptima de la citada ley.<\/li>\n<li><a title=\"Enlace externo, se abre en ventana nueva\" href=\"http:\/\/www.mecd.gob.es\/dms-static\/44369cba-42c0-457f-b8b7-67340bf92066\/2007-correcion-a-32402-32402-pdf.pdf\" rel=\"external\">Correcci\u00f3n de errores del real decreto 276\/2007<\/a>\u00a0<img decoding=\"async\" src=\"http:\/\/www.mecd.gob.es\/docroot\/fckeditor\/images\/smiley\/mepsyd-ico\/ico-pdf.gif\" alt=\"\" \/>, de 23 de febrero, por el que se aprueba el reglamento de ingreso, accesos y adquisici\u00f3n de nuevas especialidades en los cuerpos docentes a que se refiere la ley org\u00e1nica 2\/2006, de 3 de mayo, de educaci\u00f3n, y se regula el r\u00e9gimen transitorio de ingreso a que se refiere la disposici\u00f3n transitoria decimos\u00e9ptima de la citada ley.<\/li>\n<li><a title=\"Enlace externo, se abre en ventana nueva\" href=\"http:\/\/www.boe.es\/boe\/dias\/2007\/03\/02\/pdfs\/A08915-08938.pdf\" rel=\"external\">Real Decreto 276\/2007<\/a>\u00a0<img decoding=\"async\" src=\"http:\/\/www.mecd.gob.es\/docroot\/fckeditor\/images\/smiley\/mepsyd-ico\/ico-pdf.gif\" alt=\"\" \/>, de 23 de febrero, por el que se aprueba el Reglamento de ingreso, accesos y adquisici\u00f3n de nuevas especialidades en los cuerpos docentes a que se refiere la Ley Org\u00e1nica 2\/2006, de 3 de mayo, de Educaci\u00f3n, y se regula el r\u00e9gimen transitorio de ingreso a que se refiere la disposici\u00f3n transitoria cimos\u00e9ptima de la citada ley.<\/li>\n<li><a title=\"Enlace externo, se abre en ventana nueva\" href=\"http:\/\/www.boe.es\/boe\/dias\/2008\/11\/28\/pdfs\/A47586-47591.pdf\" rel=\"external\">Real Decreto 1834\/2008, de 8 de noviembre<\/a>\u00a0<img decoding=\"async\" src=\"http:\/\/www.mecd.gob.es\/docroot\/fckeditor\/images\/smiley\/mepsyd-ico\/ico-pdf.gif\" alt=\"\" \/>, por la que se definen las condiciones de formaci\u00f3n para el ejercicio de la docencia en la educaci\u00f3n secundaria obligatoria, el bachillerato, la formaci\u00f3n profesional y las ense\u00f1anzas de r\u00e9gimen especial y se establecen las especialidades de los cuerpos docentes de ense\u00f1anza secundaria<br \/>\n(Publicado en el B.O.E. <a title=\"Enlace externo, se abre en ventana nueva\" href=\"http:\/\/www.boe.es\/boe\/dias\/2008\/11\/28\/pdfs\/A47586-47591.pdf\" rel=\"external\">28-11-2008<\/a> )<\/li>\n<li><a title=\"Enlace externo, se abre en ventana nueva\" href=\"http:\/\/www.boe.es\/boe\/dias\/2009\/06\/09\/pdfs\/BOE-A-2009-9540.pdf\" rel=\"external\">Orden EDU\/1481\/2009, de 4 de junio<\/a>\u00a0<img decoding=\"async\" src=\"http:\/\/www.mecd.gob.es\/docroot\/fckeditor\/images\/smiley\/mepsyd-ico\/ico-pdf.gif\" alt=\"\" \/>, por la que se regula la formaci\u00f3n de listas de aspirantes a desempe\u00f1ar puestos de interinidad en plazas de los cuerpos docentes contemplados en la Ley Org\u00e1nica 2\/2006, de 3 de mayo, de Educaci\u00f3n, en centros y programas de la acci\u00f3n educativa espa\u00f1ola en el exterior.<br \/>\n(Publicado en el B.O.E. <a title=\"Enlace externo, se abre en ventana nueva\" href=\"http:\/\/www.boe.es\/boe\/dias\/2009\/06\/09\/pdfs\/BOE-A-2009-9540.pdf\" rel=\"external\">9-06-2009<\/a> )<\/li>\n<li><a title=\"Enlace externo, se abre en ventana nueva\" href=\"http:\/\/www.boe.es\/boe\/dias\/2009\/06\/09\/pdfs\/BOE-A-2009-9541.pdf\" rel=\"external\">Orden EDU\/1482\/2009, de 4 de junio<\/a>\u00a0<img decoding=\"async\" src=\"http:\/\/www.mecd.gob.es\/docroot\/fckeditor\/images\/smiley\/mepsyd-ico\/ico-pdf.gif\" alt=\"\" \/>, por la que se regula la formaci\u00f3n de listas de aspirantes a desempe\u00f1ar puestos de interinidad en plazas de los cuerpos docentes contemplados en la Ley Org\u00e1nica 2\/2006, de 3 de mayo, de Educaci\u00f3n, en las Ciudades de Ceuta y Melilla.<br \/>\n(Publicado en el B.O.E. <a title=\"Enlace externo, se abre en ventana nueva\" href=\"http:\/\/www.boe.es\/boe\/dias\/2009\/06\/09\/pdfs\/BOE-A-2009-9541.pdf\" rel=\"external\">9-06-2009<\/a> )<\/li>\n<\/ul>\n","protected":false},"excerpt":{"rendered":"<p>A los procesos selectivos de las diferentes Comunidades Aut\u00f3nomas, adem\u00e1s de las Correspondientes Convocatorias de oposici\u00f3n, les ser\u00e1n de aplicaci\u00f3n la siguiente normativa: Orden ECD\/191\/2012, de 6 de febrero , por la que se regulan los temarios que han de regir en los procedimientos de ingreso, accesos y adquisici\u00f3n de nuevas especialidades en los cuerpos [&hellip;]<\/p>\n","protected":false},"author":2,"featured_media":872,"parent":0,"menu_order":0,"comment_status":"open","ping_status":"open","template":"","meta":{"tdm_status":"","tdm_grid_status":"","footnotes":""},"class_list":["post-837","page","type-page","status-publish","has-post-thumbnail"],"yoast_head":"<!-- This site is optimized with the Yoast SEO plugin v27.4 - https:\/\/yoast.com\/product\/yoast-seo-wordpress\/ -->\n<title>Oposiciones de Maestros y Profesores: Legislaci\u00f3n y Normativa. - Campuseducacion.com<\/title>\n<meta name=\"description\" content=\"A los procesos selectivos de las diferentes Comunidades Aut\u00f3nomas, adem\u00e1s de las Correspondientes Convocatorias de oposici\u00f3n, les ser\u00e1n de aplicaci\u00f3n la\" \/>\n<meta name=\"robots\" content=\"index, follow, max-snippet:-1, max-image-preview:large, max-video-preview:-1\" \/>\n<link rel=\"canonical\" href=\"https:\/\/www.campuseducacion.com\/blog\/oposiciones-de-maestros-y-profesores-legislacion-y-normativa\/\" \/>\n<meta property=\"og:locale\" content=\"es_ES\" \/>\n<meta property=\"og:type\" content=\"article\" \/>\n<meta property=\"og:title\" content=\"Oposiciones de Maestros y Profesores: Legislaci\u00f3n y Normativa. - Campuseducacion.com\" \/>\n<meta property=\"og:description\" content=\"A los procesos selectivos de las diferentes Comunidades Aut\u00f3nomas, adem\u00e1s de las Correspondientes Convocatorias de oposici\u00f3n, les ser\u00e1n de aplicaci\u00f3n la\" \/>\n<meta property=\"og:url\" content=\"https:\/\/www.campuseducacion.com\/blog\/oposiciones-de-maestros-y-profesores-legislacion-y-normativa\/\" \/>\n<meta property=\"og:site_name\" content=\"BLOG Noticias Oposiciones y bolsas Trabajo Interinos. Campuseducacion.com\" \/>\n<meta property=\"article:publisher\" content=\"https:\/\/www.facebook.com\/Campuseducacion.es\" \/>\n<meta property=\"article:modified_time\" content=\"2015-02-17T12:21:52+00:00\" \/>\n<meta property=\"og:image\" content=\"https:\/\/www.campuseducacion.com\/blog\/wp-content\/uploads\/2013\/05\/legislacion.jpg\" \/>\n\t<meta property=\"og:image:width\" content=\"620\" \/>\n\t<meta property=\"og:image:height\" content=\"330\" \/>\n\t<meta property=\"og:image:type\" content=\"image\/jpeg\" \/>\n<meta name=\"twitter:card\" content=\"summary_large_image\" \/>\n<meta name=\"twitter:site\" content=\"@Campuseducacion\" \/>\n<meta name=\"twitter:label1\" content=\"Tiempo de lectura\" \/>\n\t<meta name=\"twitter:data1\" content=\"3 minutos\" \/>\n<script type=\"application\/ld+json\" class=\"yoast-schema-graph\">{\"@context\":\"https:\\\/\\\/schema.org\",\"@graph\":[{\"@type\":\"WebPage\",\"@id\":\"https:\\\/\\\/www.campuseducacion.com\\\/blog\\\/oposiciones-de-maestros-y-profesores-legislacion-y-normativa\\\/\",\"url\":\"https:\\\/\\\/www.campuseducacion.com\\\/blog\\\/oposiciones-de-maestros-y-profesores-legislacion-y-normativa\\\/\",\"name\":\"Oposiciones de Maestros y Profesores: Legislaci\u00f3n y Normativa. - Campuseducacion.com\",\"isPartOf\":{\"@id\":\"https:\\\/\\\/www.campuseducacion.com\\\/blog\\\/#website\"},\"primaryImageOfPage\":{\"@id\":\"https:\\\/\\\/www.campuseducacion.com\\\/blog\\\/oposiciones-de-maestros-y-profesores-legislacion-y-normativa\\\/#primaryimage\"},\"image\":{\"@id\":\"https:\\\/\\\/www.campuseducacion.com\\\/blog\\\/oposiciones-de-maestros-y-profesores-legislacion-y-normativa\\\/#primaryimage\"},\"thumbnailUrl\":\"https:\\\/\\\/www.campuseducacion.com\\\/blog\\\/wp-content\\\/uploads\\\/2013\\\/05\\\/legislacion.jpg\",\"datePublished\":\"2013-05-18T08:41:50+00:00\",\"dateModified\":\"2015-02-17T12:21:52+00:00\",\"description\":\"A los procesos selectivos de las diferentes Comunidades Aut\u00f3nomas, adem\u00e1s de las Correspondientes Convocatorias de oposici\u00f3n, les ser\u00e1n de aplicaci\u00f3n la\",\"breadcrumb\":{\"@id\":\"https:\\\/\\\/www.campuseducacion.com\\\/blog\\\/oposiciones-de-maestros-y-profesores-legislacion-y-normativa\\\/#breadcrumb\"},\"inLanguage\":\"es\",\"potentialAction\":[{\"@type\":\"ReadAction\",\"target\":[\"https:\\\/\\\/www.campuseducacion.com\\\/blog\\\/oposiciones-de-maestros-y-profesores-legislacion-y-normativa\\\/\"]}]},{\"@type\":\"ImageObject\",\"inLanguage\":\"es\",\"@id\":\"https:\\\/\\\/www.campuseducacion.com\\\/blog\\\/oposiciones-de-maestros-y-profesores-legislacion-y-normativa\\\/#primaryimage\",\"url\":\"https:\\\/\\\/www.campuseducacion.com\\\/blog\\\/wp-content\\\/uploads\\\/2013\\\/05\\\/legislacion.jpg\",\"contentUrl\":\"https:\\\/\\\/www.campuseducacion.com\\\/blog\\\/wp-content\\\/uploads\\\/2013\\\/05\\\/legislacion.jpg\",\"width\":620,\"height\":330,\"caption\":\"Legislaci\u00f3n Normativa\"},{\"@type\":\"BreadcrumbList\",\"@id\":\"https:\\\/\\\/www.campuseducacion.com\\\/blog\\\/oposiciones-de-maestros-y-profesores-legislacion-y-normativa\\\/#breadcrumb\",\"itemListElement\":[{\"@type\":\"ListItem\",\"position\":1,\"name\":\"Portada\",\"item\":\"https:\\\/\\\/www.campuseducacion.com\\\/blog\\\/\"},{\"@type\":\"ListItem\",\"position\":2,\"name\":\"Oposiciones de Maestros y Profesores: Legislaci\u00f3n y Normativa.\"}]},{\"@type\":\"WebSite\",\"@id\":\"https:\\\/\\\/www.campuseducacion.com\\\/blog\\\/#website\",\"url\":\"https:\\\/\\\/www.campuseducacion.com\\\/blog\\\/\",\"name\":\"BLOG Noticias Oposiciones y bolsas Trabajo Interinos. Campuseducacion.com\",\"description\":\"Actualidad en Oposiciones Maestros de Infantil Primaria y Profesores Secundaria\",\"potentialAction\":[{\"@type\":\"SearchAction\",\"target\":{\"@type\":\"EntryPoint\",\"urlTemplate\":\"https:\\\/\\\/www.campuseducacion.com\\\/blog\\\/?s={search_term_string}\"},\"query-input\":{\"@type\":\"PropertyValueSpecification\",\"valueRequired\":true,\"valueName\":\"search_term_string\"}}],\"inLanguage\":\"es\"}]}<\/script>\n<!-- \/ Yoast SEO plugin. -->","yoast_head_json":{"title":"Oposiciones de Maestros y Profesores: Legislaci\u00f3n y Normativa. - Campuseducacion.com","description":"A los procesos selectivos de las diferentes Comunidades Aut\u00f3nomas, adem\u00e1s de las Correspondientes Convocatorias de oposici\u00f3n, les ser\u00e1n de aplicaci\u00f3n la","robots":{"index":"index","follow":"follow","max-snippet":"max-snippet:-1","max-image-preview":"max-image-preview:large","max-video-preview":"max-video-preview:-1"},"canonical":"https:\/\/www.campuseducacion.com\/blog\/oposiciones-de-maestros-y-profesores-legislacion-y-normativa\/","og_locale":"es_ES","og_type":"article","og_title":"Oposiciones de Maestros y Profesores: Legislaci\u00f3n y Normativa. - Campuseducacion.com","og_description":"A los procesos selectivos de las diferentes Comunidades Aut\u00f3nomas, adem\u00e1s de las Correspondientes Convocatorias de oposici\u00f3n, les ser\u00e1n de aplicaci\u00f3n la","og_url":"https:\/\/www.campuseducacion.com\/blog\/oposiciones-de-maestros-y-profesores-legislacion-y-normativa\/","og_site_name":"BLOG Noticias Oposiciones y bolsas Trabajo Interinos. Campuseducacion.com","article_publisher":"https:\/\/www.facebook.com\/Campuseducacion.es","article_modified_time":"2015-02-17T12:21:52+00:00","og_image":[{"width":620,"height":330,"url":"https:\/\/www.campuseducacion.com\/blog\/wp-content\/uploads\/2013\/05\/legislacion.jpg","type":"image\/jpeg"}],"twitter_card":"summary_large_image","twitter_site":"@Campuseducacion","twitter_misc":{"Tiempo de lectura":"3 minutos"},"schema":{"@context":"https:\/\/schema.org","@graph":[{"@type":"WebPage","@id":"https:\/\/www.campuseducacion.com\/blog\/oposiciones-de-maestros-y-profesores-legislacion-y-normativa\/","url":"https:\/\/www.campuseducacion.com\/blog\/oposiciones-de-maestros-y-profesores-legislacion-y-normativa\/","name":"Oposiciones de Maestros y Profesores: Legislaci\u00f3n y Normativa. - Campuseducacion.com","isPartOf":{"@id":"https:\/\/www.campuseducacion.com\/blog\/#website"},"primaryImageOfPage":{"@id":"https:\/\/www.campuseducacion.com\/blog\/oposiciones-de-maestros-y-profesores-legislacion-y-normativa\/#primaryimage"},"image":{"@id":"https:\/\/www.campuseducacion.com\/blog\/oposiciones-de-maestros-y-profesores-legislacion-y-normativa\/#primaryimage"},"thumbnailUrl":"https:\/\/www.campuseducacion.com\/blog\/wp-content\/uploads\/2013\/05\/legislacion.jpg","datePublished":"2013-05-18T08:41:50+00:00","dateModified":"2015-02-17T12:21:52+00:00","description":"A los procesos selectivos de las diferentes Comunidades Aut\u00f3nomas, adem\u00e1s de las Correspondientes Convocatorias de oposici\u00f3n, les ser\u00e1n de aplicaci\u00f3n la","breadcrumb":{"@id":"https:\/\/www.campuseducacion.com\/blog\/oposiciones-de-maestros-y-profesores-legislacion-y-normativa\/#breadcrumb"},"inLanguage":"es","potentialAction":[{"@type":"ReadAction","target":["https:\/\/www.campuseducacion.com\/blog\/oposiciones-de-maestros-y-profesores-legislacion-y-normativa\/"]}]},{"@type":"ImageObject","inLanguage":"es","@id":"https:\/\/www.campuseducacion.com\/blog\/oposiciones-de-maestros-y-profesores-legislacion-y-normativa\/#primaryimage","url":"https:\/\/www.campuseducacion.com\/blog\/wp-content\/uploads\/2013\/05\/legislacion.jpg","contentUrl":"https:\/\/www.campuseducacion.com\/blog\/wp-content\/uploads\/2013\/05\/legislacion.jpg","width":620,"height":330,"caption":"Legislaci\u00f3n Normativa"},{"@type":"BreadcrumbList","@id":"https:\/\/www.campuseducacion.com\/blog\/oposiciones-de-maestros-y-profesores-legislacion-y-normativa\/#breadcrumb","itemListElement":[{"@type":"ListItem","position":1,"name":"Portada","item":"https:\/\/www.campuseducacion.com\/blog\/"},{"@type":"ListItem","position":2,"name":"Oposiciones de Maestros y Profesores: Legislaci\u00f3n y Normativa."}]},{"@type":"WebSite","@id":"https:\/\/www.campuseducacion.com\/blog\/#website","url":"https:\/\/www.campuseducacion.com\/blog\/","name":"BLOG Noticias Oposiciones y bolsas Trabajo Interinos. Campuseducacion.com","description":"Actualidad en Oposiciones Maestros de Infantil Primaria y Profesores Secundaria","potentialAction":[{"@type":"SearchAction","target":{"@type":"EntryPoint","urlTemplate":"https:\/\/www.campuseducacion.com\/blog\/?s={search_term_string}"},"query-input":{"@type":"PropertyValueSpecification","valueRequired":true,"valueName":"search_term_string"}}],"inLanguage":"es"}]}},"amp_enabled":true,"_links":{"self":[{"href":"https:\/\/www.campuseducacion.com\/blog\/wp-json\/wp\/v2\/pages\/837","targetHints":{"allow":["GET"]}}],"collection":[{"href":"https:\/\/www.campuseducacion.com\/blog\/wp-json\/wp\/v2\/pages"}],"about":[{"href":"https:\/\/www.campuseducacion.com\/blog\/wp-json\/wp\/v2\/types\/page"}],"author":[{"embeddable":true,"href":"https:\/\/www.campuseducacion.com\/blog\/wp-json\/wp\/v2\/users\/2"}],"replies":[{"embeddable":true,"href":"https:\/\/www.campuseducacion.com\/blog\/wp-json\/wp\/v2\/comments?post=837"}],"version-history":[{"count":5,"href":"https:\/\/www.campuseducacion.com\/blog\/wp-json\/wp\/v2\/pages\/837\/revisions"}],"predecessor-version":[{"id":5015,"href":"https:\/\/www.campuseducacion.com\/blog\/wp-json\/wp\/v2\/pages\/837\/revisions\/5015"}],"wp:featuredmedia":[{"embeddable":true,"href":"https:\/\/www.campuseducacion.com\/blog\/wp-json\/wp\/v2\/media\/872"}],"wp:attachment":[{"href":"https:\/\/www.campuseducacion.com\/blog\/wp-json\/wp\/v2\/media?parent=837"}],"curies":[{"name":"wp","href":"https:\/\/api.w.org\/{rel}","templated":true}]}}