{"id":867,"date":"2013-05-18T10:52:57","date_gmt":"2013-05-18T08:52:57","guid":{"rendered":"http:\/\/www.campuseducacion.com\/oposiciones\/?page_id=867"},"modified":"2014-03-06T12:57:58","modified_gmt":"2014-03-06T11:57:58","slug":"curso-abierto-gratuito-exposicion-y-defensa-de-la-unidad-didactica-oposiciones-docentes-2013","status":"publish","type":"page","link":"https:\/\/www.campuseducacion.com\/blog\/curso-abierto-gratuito-exposicion-y-defensa-de-la-unidad-didactica-oposiciones-docentes-2013\/","title":{"rendered":"Curso online Abierto y GRATUITO: \u00abExposici\u00f3n y Defensa de la Unidad Did\u00e1ctica. Oposiciones Docentes\u00bb"},"content":{"rendered":"<div>\n<p><a href=\"https:www.campuseducacion.com\/component\/curso-abierto\" target=\"_blank\"><img loading=\"lazy\" decoding=\"async\" class=\"aligncenter\" alt=\"\" src=\"http:\/\/didactytab.com\/images\/slider_exposicion.png\" width=\"811\" height=\"318\" \/><\/a><\/p>\n<p><a title=\"Matr\u00edcula Gratuita en Curso Abierto oposiciones\" href=\"https:\/\/www.campuseducacion.com\/curso-abierto\" target=\"_blank\"><img loading=\"lazy\" decoding=\"async\" class=\"aligncenter\" alt=\"\" src=\"http:\/\/didactytab.com\/images\/boton_matricularme.png\" width=\"210\" height=\"35\" \/><\/a><\/p>\n<p>&nbsp;<\/p>\n<p><strong>ANPE Albacete<\/strong>, en colaboraci\u00f3n con <a title=\"Acceso a Campuseducacion.com\" href=\"https:\/\/www.campuseducaci\u00f3n.com\" target=\"_blank\">Campuseducacion.com<\/a>, pone a disposici\u00f3n de todos los opositores este CURSO ABIERTO y totalmente GRATUITO que sin duda contribuir\u00e1 a mejorar la exposici\u00f3n y defensa de la Unidad Did\u00e1ctica ante el Tribunal de Oposici\u00f3n.<\/p>\n<p>&nbsp;<\/p>\n<p>El curso \u00abExposici\u00f3n y Defensa de la Unidad Did\u00e1ctica. Oposiciones Docentes\u00bb pone a disposici\u00f3n de todos los aspirantes a la funci\u00f3n p\u00fablica docente, una serie de estrategias y recursos que pueden aumentar la posibilidad de alcanzar el \u00e9xito, gracias a una mejor actuaci\u00f3n en la prueba de defensa y exposici\u00f3n de la Unidad Did\u00e1ctica.<\/p>\n<p>&nbsp;<\/p>\n<p>&nbsp;<\/p>\n<h3><strong>CONTENIDOS DEL CURSO:<br \/>\n<\/strong><\/h3>\n<p>&nbsp;<\/p>\n<div>\n<div>\n<h3 style=\"padding-left: 30px;\"><strong><img loading=\"lazy\" decoding=\"async\" alt=\"\" src=\"http:\/\/didactytab.com\/images\/expo01.png\" width=\"76\" height=\"66\" \/> Bloque tem\u00e1tico 1<br \/>\n<\/strong><\/h3>\n<h4 style=\"padding-left: 30px;\">Actitud corporal y lenguaje no verbal<\/h4>\n<\/div>\n<p style=\"padding-left: 30px;\">Aprende a construir una actitud corporal adecuada de cara al tribunal de oposiciones y la forma en que el lenguaje no verbal puede ayudarte a conseguir producir unas valoraci\u00f3n positiva por parte de los miembros del tribunal de oposiciones.<\/p>\n<p>&nbsp;<\/p>\n<\/div>\n<h3 style=\"padding-left: 30px;\"><strong><img loading=\"lazy\" decoding=\"async\" alt=\"\" src=\"http:\/\/didactytab.com\/images\/expo02.png\" width=\"76\" height=\"66\" \/> Bloque tem\u00e1tico 2<br \/>\n<\/strong><\/h3>\n<h4 style=\"padding-left: 30px;\">Comunicaci\u00f3n no verbal y proxemia en la exposici\u00f3n de trabajos<\/h4>\n<p style=\"padding-left: 30px;\">Adquiere los recursos necesarios para producir impresiones positivas y generar expectativas de \u00e9xito en los dem\u00e1s mediante el manejo del lenguaje gestual y la posici\u00f3n de tu cuerpo en relaci\u00f3n a otras personas y en el espacio.<\/p>\n<p>&nbsp;<\/p>\n<h3 style=\"padding-left: 30px;\"><strong><img loading=\"lazy\" decoding=\"async\" alt=\"\" src=\"http:\/\/didactytab.com\/images\/expo03.png\" width=\"76\" height=\"66\" \/> Bloque tem\u00e1tico 3<br \/>\n<\/strong><\/h3>\n<h4 style=\"padding-left: 30px;\">T\u00e9cnicas de autocontrol emocional<\/h4>\n<p style=\"padding-left: 30px;\">Muchas buenas preparaciones y horas de esfuerzo y estudio se echan a perder por no saber controlar los nervios. Este Bloque de Contenidos te permitir\u00e1 entrenar tu capacidad de controlar tu pensamiento y emociones para mejorar tu rendimiento y garantizarte el \u00e9xito.<\/p>\n<h3 style=\"padding-left: 30px;\"><strong><img loading=\"lazy\" decoding=\"async\" alt=\"\" src=\"http:\/\/didactytab.com\/images\/expo03.png\" width=\"76\" height=\"66\" \/> Entrenamiento Pr\u00e1ctico<br \/>\n<\/strong><\/h3>\n<h4 style=\"padding-left: 30px;\">Pr\u00e1cticas de autocontrol emocional<\/h4>\n<p style=\"padding-left: 30px;\">El entrenamiento efectivo en t\u00e9cnicas de autocontrol emocional, concretamente el control de la ansiedad, pasa por la pr\u00e1ctica de unos ejercicios espec\u00edficos basados en modelos de control de la ansiedad.<\/p>\n<p style=\"padding-left: 30px;\"><a title=\"Matr\u00edcula Gratuita en Curso Abierto\" href=\"https:\/\/www.campuseducacion.com\/curso-abierto\" target=\"_blank\"><img loading=\"lazy\" decoding=\"async\" class=\"aligncenter\" alt=\"\" src=\"http:\/\/didactytab.com\/images\/boton_matricularme.png\" width=\"210\" height=\"35\" \/><\/a><\/p>\n<p>&nbsp;<\/p>\n<h3 style=\"padding-left: 30px;\"><strong>Disponible para dispositivos iPad<\/strong><\/h3>\n<p style=\"padding-left: 30px;\">El Material de este curso se encuentra disponible en la App Store de Apple para dispositivos iPad. Consiste en una aplicaci\u00f3n Didactytab totalmente Gratuita que pod\u00e9is encontrar en el <a title=\"DidactyTab - Exposici\u00f3n\" href=\"https:\/\/itunes.apple.com\/us\/app\/didactytab-exposicion-y-defensa\/id622544605?l=es&amp;ls=1&amp;mt=8\" target=\"_blank\">siguiente enlace<\/a>.<\/p>\n<p><a title=\"DidactyTab - Exposici\u00f3n\" href=\"https:\/\/itunes.apple.com\/us\/app\/didactytab-exposicion-y-defensa\/id622544605?l=es&amp;ls=1&amp;mt=8\" target=\"_blank\"><img decoding=\"async\" class=\"aligncenter\" alt=\"\" src=\"http:\/\/didactytab.com\/images\/logos\/appstore.png\" \/><\/a><\/p>\n<\/div>\n<p>&nbsp;<\/p>\n<p>&nbsp;<\/p>\n","protected":false},"excerpt":{"rendered":"<p>&nbsp; ANPE Albacete, en colaboraci\u00f3n con Campuseducacion.com, pone a disposici\u00f3n de todos los opositores este CURSO ABIERTO y totalmente GRATUITO que sin duda contribuir\u00e1 a mejorar la exposici\u00f3n y defensa de la Unidad Did\u00e1ctica ante el Tribunal de Oposici\u00f3n. &nbsp; El curso \u00abExposici\u00f3n y Defensa de la Unidad Did\u00e1ctica. Oposiciones Docentes\u00bb pone a disposici\u00f3n de [&hellip;]<\/p>\n","protected":false},"author":2,"featured_media":0,"parent":0,"menu_order":0,"comment_status":"open","ping_status":"closed","template":"","meta":{"tdm_status":"","tdm_grid_status":"","footnotes":""},"class_list":["post-867","page","type-page","status-publish"],"yoast_head":"<!-- This site is optimized with the Yoast SEO plugin v27.4 - https:\/\/yoast.com\/product\/yoast-seo-wordpress\/ -->\n<title>Curso online Abierto y GRATUITO: &quot;Exposici\u00f3n y Defensa de la Unidad Did\u00e1ctica. Oposiciones Docentes&quot; - Campuseducacion.com<\/title>\n<meta name=\"description\" content=\"&nbsp; ANPE Albacete, en colaboraci\u00f3n con Campuseducacion.com, pone a disposici\u00f3n de todos los opositores este CURSO ABIERTO y totalmente GRATUITO que sin\" \/>\n<meta name=\"robots\" content=\"index, follow, max-snippet:-1, max-image-preview:large, max-video-preview:-1\" \/>\n<link rel=\"canonical\" href=\"https:\/\/www.campuseducacion.com\/blog\/curso-abierto-gratuito-exposicion-y-defensa-de-la-unidad-didactica-oposiciones-docentes-2013\/\" \/>\n<meta property=\"og:locale\" content=\"es_ES\" \/>\n<meta property=\"og:type\" content=\"article\" \/>\n<meta property=\"og:title\" content=\"Curso online Abierto y GRATUITO: &quot;Exposici\u00f3n y Defensa de la Unidad Did\u00e1ctica. Oposiciones Docentes&quot; - Campuseducacion.com\" \/>\n<meta property=\"og:description\" content=\"&nbsp; ANPE Albacete, en colaboraci\u00f3n con Campuseducacion.com, pone a disposici\u00f3n de todos los opositores este CURSO ABIERTO y totalmente GRATUITO que sin\" \/>\n<meta property=\"og:url\" content=\"https:\/\/www.campuseducacion.com\/blog\/curso-abierto-gratuito-exposicion-y-defensa-de-la-unidad-didactica-oposiciones-docentes-2013\/\" \/>\n<meta property=\"og:site_name\" content=\"BLOG Noticias Oposiciones y bolsas Trabajo Interinos. Campuseducacion.com\" \/>\n<meta property=\"article:publisher\" content=\"https:\/\/www.facebook.com\/Campuseducacion.es\" \/>\n<meta property=\"article:modified_time\" content=\"2014-03-06T11:57:58+00:00\" \/>\n<meta property=\"og:image\" content=\"http:\/\/didactytab.com\/images\/slider_exposicion.png\" \/>\n<meta name=\"twitter:card\" content=\"summary_large_image\" \/>\n<meta name=\"twitter:site\" content=\"@Campuseducacion\" \/>\n<meta name=\"twitter:label1\" content=\"Tiempo de lectura\" \/>\n\t<meta name=\"twitter:data1\" content=\"2 minutos\" \/>\n<script type=\"application\/ld+json\" class=\"yoast-schema-graph\">{\"@context\":\"https:\\\/\\\/schema.org\",\"@graph\":[{\"@type\":\"WebPage\",\"@id\":\"https:\\\/\\\/www.campuseducacion.com\\\/blog\\\/curso-abierto-gratuito-exposicion-y-defensa-de-la-unidad-didactica-oposiciones-docentes-2013\\\/\",\"url\":\"https:\\\/\\\/www.campuseducacion.com\\\/blog\\\/curso-abierto-gratuito-exposicion-y-defensa-de-la-unidad-didactica-oposiciones-docentes-2013\\\/\",\"name\":\"Curso online Abierto y GRATUITO: \\\"Exposici\u00f3n y Defensa de la Unidad Did\u00e1ctica. Oposiciones Docentes\\\" - Campuseducacion.com\",\"isPartOf\":{\"@id\":\"https:\\\/\\\/www.campuseducacion.com\\\/blog\\\/#website\"},\"primaryImageOfPage\":{\"@id\":\"https:\\\/\\\/www.campuseducacion.com\\\/blog\\\/curso-abierto-gratuito-exposicion-y-defensa-de-la-unidad-didactica-oposiciones-docentes-2013\\\/#primaryimage\"},\"image\":{\"@id\":\"https:\\\/\\\/www.campuseducacion.com\\\/blog\\\/curso-abierto-gratuito-exposicion-y-defensa-de-la-unidad-didactica-oposiciones-docentes-2013\\\/#primaryimage\"},\"thumbnailUrl\":\"http:\\\/\\\/didactytab.com\\\/images\\\/slider_exposicion.png\",\"datePublished\":\"2013-05-18T08:52:57+00:00\",\"dateModified\":\"2014-03-06T11:57:58+00:00\",\"description\":\"&nbsp; ANPE Albacete, en colaboraci\u00f3n con Campuseducacion.com, pone a disposici\u00f3n de todos los opositores este CURSO ABIERTO y totalmente GRATUITO que sin\",\"breadcrumb\":{\"@id\":\"https:\\\/\\\/www.campuseducacion.com\\\/blog\\\/curso-abierto-gratuito-exposicion-y-defensa-de-la-unidad-didactica-oposiciones-docentes-2013\\\/#breadcrumb\"},\"inLanguage\":\"es\",\"potentialAction\":[{\"@type\":\"ReadAction\",\"target\":[\"https:\\\/\\\/www.campuseducacion.com\\\/blog\\\/curso-abierto-gratuito-exposicion-y-defensa-de-la-unidad-didactica-oposiciones-docentes-2013\\\/\"]}]},{\"@type\":\"ImageObject\",\"inLanguage\":\"es\",\"@id\":\"https:\\\/\\\/www.campuseducacion.com\\\/blog\\\/curso-abierto-gratuito-exposicion-y-defensa-de-la-unidad-didactica-oposiciones-docentes-2013\\\/#primaryimage\",\"url\":\"http:\\\/\\\/didactytab.com\\\/images\\\/slider_exposicion.png\",\"contentUrl\":\"http:\\\/\\\/didactytab.com\\\/images\\\/slider_exposicion.png\"},{\"@type\":\"BreadcrumbList\",\"@id\":\"https:\\\/\\\/www.campuseducacion.com\\\/blog\\\/curso-abierto-gratuito-exposicion-y-defensa-de-la-unidad-didactica-oposiciones-docentes-2013\\\/#breadcrumb\",\"itemListElement\":[{\"@type\":\"ListItem\",\"position\":1,\"name\":\"Portada\",\"item\":\"https:\\\/\\\/www.campuseducacion.com\\\/blog\\\/\"},{\"@type\":\"ListItem\",\"position\":2,\"name\":\"Curso online Abierto y GRATUITO: \u00abExposici\u00f3n y Defensa de la Unidad Did\u00e1ctica. Oposiciones Docentes\u00bb\"}]},{\"@type\":\"WebSite\",\"@id\":\"https:\\\/\\\/www.campuseducacion.com\\\/blog\\\/#website\",\"url\":\"https:\\\/\\\/www.campuseducacion.com\\\/blog\\\/\",\"name\":\"BLOG Noticias Oposiciones y bolsas Trabajo Interinos. Campuseducacion.com\",\"description\":\"Actualidad en Oposiciones Maestros de Infantil Primaria y Profesores Secundaria\",\"potentialAction\":[{\"@type\":\"SearchAction\",\"target\":{\"@type\":\"EntryPoint\",\"urlTemplate\":\"https:\\\/\\\/www.campuseducacion.com\\\/blog\\\/?s={search_term_string}\"},\"query-input\":{\"@type\":\"PropertyValueSpecification\",\"valueRequired\":true,\"valueName\":\"search_term_string\"}}],\"inLanguage\":\"es\"}]}<\/script>\n<!-- \/ Yoast SEO plugin. -->","yoast_head_json":{"title":"Curso online Abierto y GRATUITO: \"Exposici\u00f3n y Defensa de la Unidad Did\u00e1ctica. Oposiciones Docentes\" - Campuseducacion.com","description":"&nbsp; ANPE Albacete, en colaboraci\u00f3n con Campuseducacion.com, pone a disposici\u00f3n de todos los opositores este CURSO ABIERTO y totalmente GRATUITO que sin","robots":{"index":"index","follow":"follow","max-snippet":"max-snippet:-1","max-image-preview":"max-image-preview:large","max-video-preview":"max-video-preview:-1"},"canonical":"https:\/\/www.campuseducacion.com\/blog\/curso-abierto-gratuito-exposicion-y-defensa-de-la-unidad-didactica-oposiciones-docentes-2013\/","og_locale":"es_ES","og_type":"article","og_title":"Curso online Abierto y GRATUITO: \"Exposici\u00f3n y Defensa de la Unidad Did\u00e1ctica. Oposiciones Docentes\" - Campuseducacion.com","og_description":"&nbsp; ANPE Albacete, en colaboraci\u00f3n con Campuseducacion.com, pone a disposici\u00f3n de todos los opositores este CURSO ABIERTO y totalmente GRATUITO que sin","og_url":"https:\/\/www.campuseducacion.com\/blog\/curso-abierto-gratuito-exposicion-y-defensa-de-la-unidad-didactica-oposiciones-docentes-2013\/","og_site_name":"BLOG Noticias Oposiciones y bolsas Trabajo Interinos. Campuseducacion.com","article_publisher":"https:\/\/www.facebook.com\/Campuseducacion.es","article_modified_time":"2014-03-06T11:57:58+00:00","og_image":[{"url":"http:\/\/didactytab.com\/images\/slider_exposicion.png","type":"","width":"","height":""}],"twitter_card":"summary_large_image","twitter_site":"@Campuseducacion","twitter_misc":{"Tiempo de lectura":"2 minutos"},"schema":{"@context":"https:\/\/schema.org","@graph":[{"@type":"WebPage","@id":"https:\/\/www.campuseducacion.com\/blog\/curso-abierto-gratuito-exposicion-y-defensa-de-la-unidad-didactica-oposiciones-docentes-2013\/","url":"https:\/\/www.campuseducacion.com\/blog\/curso-abierto-gratuito-exposicion-y-defensa-de-la-unidad-didactica-oposiciones-docentes-2013\/","name":"Curso online Abierto y GRATUITO: \"Exposici\u00f3n y Defensa de la Unidad Did\u00e1ctica. Oposiciones Docentes\" - Campuseducacion.com","isPartOf":{"@id":"https:\/\/www.campuseducacion.com\/blog\/#website"},"primaryImageOfPage":{"@id":"https:\/\/www.campuseducacion.com\/blog\/curso-abierto-gratuito-exposicion-y-defensa-de-la-unidad-didactica-oposiciones-docentes-2013\/#primaryimage"},"image":{"@id":"https:\/\/www.campuseducacion.com\/blog\/curso-abierto-gratuito-exposicion-y-defensa-de-la-unidad-didactica-oposiciones-docentes-2013\/#primaryimage"},"thumbnailUrl":"http:\/\/didactytab.com\/images\/slider_exposicion.png","datePublished":"2013-05-18T08:52:57+00:00","dateModified":"2014-03-06T11:57:58+00:00","description":"&nbsp; ANPE Albacete, en colaboraci\u00f3n con Campuseducacion.com, pone a disposici\u00f3n de todos los opositores este CURSO ABIERTO y totalmente GRATUITO que sin","breadcrumb":{"@id":"https:\/\/www.campuseducacion.com\/blog\/curso-abierto-gratuito-exposicion-y-defensa-de-la-unidad-didactica-oposiciones-docentes-2013\/#breadcrumb"},"inLanguage":"es","potentialAction":[{"@type":"ReadAction","target":["https:\/\/www.campuseducacion.com\/blog\/curso-abierto-gratuito-exposicion-y-defensa-de-la-unidad-didactica-oposiciones-docentes-2013\/"]}]},{"@type":"ImageObject","inLanguage":"es","@id":"https:\/\/www.campuseducacion.com\/blog\/curso-abierto-gratuito-exposicion-y-defensa-de-la-unidad-didactica-oposiciones-docentes-2013\/#primaryimage","url":"http:\/\/didactytab.com\/images\/slider_exposicion.png","contentUrl":"http:\/\/didactytab.com\/images\/slider_exposicion.png"},{"@type":"BreadcrumbList","@id":"https:\/\/www.campuseducacion.com\/blog\/curso-abierto-gratuito-exposicion-y-defensa-de-la-unidad-didactica-oposiciones-docentes-2013\/#breadcrumb","itemListElement":[{"@type":"ListItem","position":1,"name":"Portada","item":"https:\/\/www.campuseducacion.com\/blog\/"},{"@type":"ListItem","position":2,"name":"Curso online Abierto y GRATUITO: \u00abExposici\u00f3n y Defensa de la Unidad Did\u00e1ctica. Oposiciones Docentes\u00bb"}]},{"@type":"WebSite","@id":"https:\/\/www.campuseducacion.com\/blog\/#website","url":"https:\/\/www.campuseducacion.com\/blog\/","name":"BLOG Noticias Oposiciones y bolsas Trabajo Interinos. Campuseducacion.com","description":"Actualidad en Oposiciones Maestros de Infantil Primaria y Profesores Secundaria","potentialAction":[{"@type":"SearchAction","target":{"@type":"EntryPoint","urlTemplate":"https:\/\/www.campuseducacion.com\/blog\/?s={search_term_string}"},"query-input":{"@type":"PropertyValueSpecification","valueRequired":true,"valueName":"search_term_string"}}],"inLanguage":"es"}]}},"amp_enabled":true,"_links":{"self":[{"href":"https:\/\/www.campuseducacion.com\/blog\/wp-json\/wp\/v2\/pages\/867","targetHints":{"allow":["GET"]}}],"collection":[{"href":"https:\/\/www.campuseducacion.com\/blog\/wp-json\/wp\/v2\/pages"}],"about":[{"href":"https:\/\/www.campuseducacion.com\/blog\/wp-json\/wp\/v2\/types\/page"}],"author":[{"embeddable":true,"href":"https:\/\/www.campuseducacion.com\/blog\/wp-json\/wp\/v2\/users\/2"}],"replies":[{"embeddable":true,"href":"https:\/\/www.campuseducacion.com\/blog\/wp-json\/wp\/v2\/comments?post=867"}],"version-history":[{"count":7,"href":"https:\/\/www.campuseducacion.com\/blog\/wp-json\/wp\/v2\/pages\/867\/revisions"}],"predecessor-version":[{"id":3989,"href":"https:\/\/www.campuseducacion.com\/blog\/wp-json\/wp\/v2\/pages\/867\/revisions\/3989"}],"wp:attachment":[{"href":"https:\/\/www.campuseducacion.com\/blog\/wp-json\/wp\/v2\/media?parent=867"}],"curies":[{"name":"wp","href":"https:\/\/api.w.org\/{rel}","templated":true}]}}