{"id":8732,"date":"2017-01-20T13:39:25","date_gmt":"2017-01-20T12:39:25","guid":{"rendered":"https:\/\/www.campuseducacion.com\/blog\/?page_id=8732"},"modified":"2017-01-20T13:53:30","modified_gmt":"2017-01-20T12:53:30","slug":"etiqueta","status":"publish","type":"page","link":"https:\/\/www.campuseducacion.com\/blog\/etiqueta\/","title":{"rendered":"Etiquetas"},"content":{"rendered":"<div id=\"tdi_1\" class=\"tdc-row\"><div class=\"vc_row tdi_2  wpb_row td-pb-row\" >\n<style scoped>\n\/* custom css - generated by TagDiv Composer *\/\n\n\/* custom css - generated by TagDiv Composer *\/\n.tdi_2,\r\n                .tdi_2 .tdc-columns{\r\n                    min-height: 0;\r\n                }.tdi_2,\r\n\t\t\t\t.tdi_2 .tdc-columns{\r\n\t\t\t\t    display: block;\r\n\t\t\t\t}.tdi_2 .tdc-columns{\r\n\t\t\t\t    width: 100%;\r\n\t\t\t\t}.tdi_2:before,\r\n\t\t\t\t.tdi_2:after{\r\n\t\t\t\t    display: table;\r\n\t\t\t\t}\n<\/style><div class=\"vc_column tdi_4  wpb_column vc_column_container tdc-column td-pb-span12\">\n<style scoped>\n\/* custom css - generated by TagDiv Composer *\/\n\n\/* custom css - generated by TagDiv Composer *\/\n.tdi_4{\r\n                    vertical-align: baseline;\r\n                }.tdi_4 > .wpb_wrapper,\r\n\t\t\t\t.tdi_4 > .wpb_wrapper > .tdc-elements{\r\n\t\t\t\t    display: block;\r\n\t\t\t\t}.tdi_4 > .wpb_wrapper > .tdc-elements{\r\n\t\t\t\t    width: 100%;\r\n\t\t\t\t}.tdi_4 > .wpb_wrapper > .vc_row_inner{\r\n\t\t\t\t    width: auto;\r\n\t\t\t\t}.tdi_4 > .wpb_wrapper{\r\n\t\t\t\t    width: auto;\r\n\t\t\t\t    height: auto;\r\n\t\t\t\t}\n<\/style><div class=\"wpb_wrapper\" >[vc_column_text]\r\n<h1 style=\"text-align: center;\"><strong>Nube de Etiquetas del Blog\u00a0 <a href=\"https:\/\/www.campuseducacion.com\/\">Campuseducacion.com<\/a><\/strong><\/h1>\r\n[\/vc_column_text]<\/div><\/div><\/div><\/div><div id=\"tdi_5\" class=\"tdc-row\"><div class=\"vc_row tdi_6  wpb_row td-pb-row\" >\n<style scoped>\n\/* custom css - generated by TagDiv Composer *\/\n\n\/* custom css - generated by TagDiv Composer *\/\n.tdi_6,\r\n                .tdi_6 .tdc-columns{\r\n                    min-height: 0;\r\n                }.tdi_6,\r\n\t\t\t\t.tdi_6 .tdc-columns{\r\n\t\t\t\t    display: block;\r\n\t\t\t\t}.tdi_6 .tdc-columns{\r\n\t\t\t\t    width: 100%;\r\n\t\t\t\t}.tdi_6:before,\r\n\t\t\t\t.tdi_6:after{\r\n\t\t\t\t    display: table;\r\n\t\t\t\t}\n<\/style><div class=\"vc_column vc_custom_1484916784352 tdi_8  wpb_column vc_column_container tdc-column td-pb-span8\">\n<style scoped>\n\/* custom css - generated by TagDiv Composer *\/\n\n\/* tdc_composer_block - inline css att *\/\n.vc_custom_1484916784352{background-color: rgba(63,129,191,0.27) !important;*background-color: rgb(63,129,191) !important;}\n\/* custom css - generated by TagDiv Composer *\/\n.tdi_8{\r\n                    vertical-align: baseline;\r\n                }.tdi_8 > .wpb_wrapper,\r\n\t\t\t\t.tdi_8 > .wpb_wrapper > .tdc-elements{\r\n\t\t\t\t    display: block;\r\n\t\t\t\t}.tdi_8 > .wpb_wrapper > .tdc-elements{\r\n\t\t\t\t    width: 100%;\r\n\t\t\t\t}.tdi_8 > .wpb_wrapper > .vc_row_inner{\r\n\t\t\t\t    width: auto;\r\n\t\t\t\t}.tdi_8 > .wpb_wrapper{\r\n\t\t\t\t    width: auto;\r\n\t\t\t\t    height: auto;\r\n\t\t\t\t}\n<\/style><div class=\"wpb_wrapper\" >[vc_wp_tagcloud title=\u00bbT\u00e9rminos m\u00e1s utilizados\u00bb taxonomy=\u00bbpost_tag\u00bb]<\/div><\/div><div class=\"vc_column tdi_10  wpb_column vc_column_container tdc-column td-pb-span4\">\n<style scoped>\n\/* custom css - generated by TagDiv Composer *\/\n\n\/* custom css - generated by TagDiv Composer *\/\n.tdi_10{\r\n                    vertical-align: baseline;\r\n                }.tdi_10 > .wpb_wrapper,\r\n\t\t\t\t.tdi_10 > .wpb_wrapper > .tdc-elements{\r\n\t\t\t\t    display: block;\r\n\t\t\t\t}.tdi_10 > .wpb_wrapper > .tdc-elements{\r\n\t\t\t\t    width: 100%;\r\n\t\t\t\t}.tdi_10 > .wpb_wrapper > .vc_row_inner{\r\n\t\t\t\t    width: auto;\r\n\t\t\t\t}.tdi_10 > .wpb_wrapper{\r\n\t\t\t\t    width: auto;\r\n\t\t\t\t    height: auto;\r\n\t\t\t\t}\n<\/style><div class=\"wpb_wrapper\" ><div class=\"td_block_wrap td_block_8 tdi_11 td-pb-border-top td_block_template_1 td-column-1 td_block_padding\"  data-td-block-uid=\"tdi_11\" >\n<style>\n.td-theme-wrap .tdi_11 .td-pulldown-filter-link:hover,\r\n            .td-theme-wrap .tdi_11 .td-subcat-item a:hover,\r\n            .td-theme-wrap .tdi_11 .td-subcat-item .td-cur-simple-item {\r\n                color: #e57200;\r\n            }\r\n\r\n            .td-theme-wrap .tdi_11 .block-title > *,\r\n            .td-theme-wrap .tdi_11 .td-subcat-dropdown:hover .td-subcat-more {\r\n                background-color: #e57200;\r\n            }\r\n            .td-theme-wrap .td-footer-wrapper .tdi_11 .block-title > * {\r\n                padding: 6px 7px 5px;\r\n                line-height: 1;\r\n            }\r\n\r\n            .td-theme-wrap .tdi_11 .block-title {\r\n                border-color: #e57200;\r\n            }\r\n\r\n            \r\n            .td-theme-wrap .tdi_11 .td_module_wrap:hover .entry-title a,\r\n            .td-theme-wrap .tdi_11 .td_quote_on_blocks,\r\n            .td-theme-wrap .tdi_11 .td-opacity-cat .td-post-category:hover,\r\n            .td-theme-wrap .tdi_11 .td-opacity-read .td-read-more a:hover,\r\n            .td-theme-wrap .tdi_11 .td-opacity-author .td-post-author-name a:hover,\r\n            .td-theme-wrap .tdi_11 .td-instagram-user a {\r\n                color: #e57200;\r\n            }\r\n\r\n            .td-theme-wrap .tdi_11 .td-next-prev-wrap a:hover,\r\n            .td-theme-wrap .tdi_11 .td-load-more-wrap a:hover {\r\n                background-color: #e57200;\r\n                border-color: #e57200;\r\n            }\r\n\r\n            .td-theme-wrap .tdi_11 .td-read-more a,\r\n            .td-theme-wrap .tdi_11 .td-weather-information:before,\r\n            .td-theme-wrap .tdi_11 .td-weather-week:before,\r\n            .td-theme-wrap .tdi_11 .td-exchange-header:before,\r\n            .td-theme-wrap .td-footer-wrapper .tdi_11 .td-post-category,\r\n            .td-theme-wrap .tdi_11 .td-post-category:hover {\r\n                background-color: #e57200;\r\n            }\n<\/style><script>var block_tdi_11 = new tdBlock();\nblock_tdi_11.id = \"tdi_11\";\nblock_tdi_11.atts = '{\"custom_title\":\"Destacados\",\"custom_url\":\"https:\\\/\\\/www.campuseducacion.com\\\/blog\\\/destacados\\\/\",\"header_color\":\"#e57200\",\"category_id\":\"783\",\"sort\":\"review_high\",\"limit\":\"4\",\"block_type\":\"td_block_8\",\"separator\":\"\",\"block_template_id\":\"\",\"m7_tl\":\"\",\"post_ids\":\"\",\"taxonomies\":\"\",\"category_ids\":\"\",\"in_all_terms\":\"\",\"tag_slug\":\"\",\"autors_id\":\"\",\"installed_post_types\":\"\",\"include_cf_posts\":\"\",\"exclude_cf_posts\":\"\",\"popular_by_date\":\"\",\"linked_posts\":\"\",\"favourite_only\":\"\",\"offset\":\"\",\"open_in_new_window\":\"\",\"show_modified_date\":\"\",\"time_ago\":\"\",\"time_ago_add_txt\":\"ago\",\"time_ago_txt_pos\":\"\",\"review_source\":\"\",\"el_class\":\"\",\"td_ajax_filter_type\":\"\",\"td_ajax_filter_ids\":\"\",\"td_filter_default_txt\":\"All\",\"td_ajax_preloading\":\"\",\"f_header_font_header\":\"\",\"f_header_font_title\":\"Block header\",\"f_header_font_settings\":\"\",\"f_header_font_family\":\"\",\"f_header_font_size\":\"\",\"f_header_font_line_height\":\"\",\"f_header_font_style\":\"\",\"f_header_font_weight\":\"\",\"f_header_font_transform\":\"\",\"f_header_font_spacing\":\"\",\"f_header_\":\"\",\"f_ajax_font_title\":\"Ajax categories\",\"f_ajax_font_settings\":\"\",\"f_ajax_font_family\":\"\",\"f_ajax_font_size\":\"\",\"f_ajax_font_line_height\":\"\",\"f_ajax_font_style\":\"\",\"f_ajax_font_weight\":\"\",\"f_ajax_font_transform\":\"\",\"f_ajax_font_spacing\":\"\",\"f_ajax_\":\"\",\"f_more_font_title\":\"Load more button\",\"f_more_font_settings\":\"\",\"f_more_font_family\":\"\",\"f_more_font_size\":\"\",\"f_more_font_line_height\":\"\",\"f_more_font_style\":\"\",\"f_more_font_weight\":\"\",\"f_more_font_transform\":\"\",\"f_more_font_spacing\":\"\",\"f_more_\":\"\",\"m7f_title_font_header\":\"\",\"m7f_title_font_title\":\"Article title\",\"m7f_title_font_settings\":\"\",\"m7f_title_font_family\":\"\",\"m7f_title_font_size\":\"\",\"m7f_title_font_line_height\":\"\",\"m7f_title_font_style\":\"\",\"m7f_title_font_weight\":\"\",\"m7f_title_font_transform\":\"\",\"m7f_title_font_spacing\":\"\",\"m7f_title_\":\"\",\"m7f_cat_font_title\":\"Article category tag\",\"m7f_cat_font_settings\":\"\",\"m7f_cat_font_family\":\"\",\"m7f_cat_font_size\":\"\",\"m7f_cat_font_line_height\":\"\",\"m7f_cat_font_style\":\"\",\"m7f_cat_font_weight\":\"\",\"m7f_cat_font_transform\":\"\",\"m7f_cat_font_spacing\":\"\",\"m7f_cat_\":\"\",\"m7f_meta_font_title\":\"Article meta info\",\"m7f_meta_font_settings\":\"\",\"m7f_meta_font_family\":\"\",\"m7f_meta_font_size\":\"\",\"m7f_meta_font_line_height\":\"\",\"m7f_meta_font_style\":\"\",\"m7f_meta_font_weight\":\"\",\"m7f_meta_font_transform\":\"\",\"m7f_meta_font_spacing\":\"\",\"m7f_meta_\":\"\",\"ajax_pagination\":\"\",\"ajax_pagination_next_prev_swipe\":\"\",\"ajax_pagination_infinite_stop\":\"\",\"css\":\"\",\"tdc_css\":\"\",\"td_column_number\":1,\"color_preset\":\"\",\"border_top\":\"\",\"class\":\"tdi_11\",\"tdc_css_class\":\"tdi_11\",\"tdc_css_class_style\":\"tdi_11_rand_style\"}';\nblock_tdi_11.td_column_number = \"1\";\nblock_tdi_11.block_type = \"td_block_8\";\nblock_tdi_11.post_count = \"1\";\nblock_tdi_11.found_posts = \"1\";\nblock_tdi_11.header_color = \"#e57200\";\nblock_tdi_11.ajax_pagination_infinite_stop = \"\";\nblock_tdi_11.max_num_pages = \"1\";\ntdBlocksArray.push(block_tdi_11);\n<\/script><div class=\"td-block-title-wrap\"><h4 class=\"block-title td-block-title\"><a href=\"https:\/\/www.campuseducacion.com\/blog\/destacados\/\" class=\"td-pulldown-size\">Destacados<\/a><\/h4><\/div><div id=tdi_11 class=\"td_block_inner\">\n\n\t<div class=\"td-block-span12\">\n\r\n        <div class=\"td_module_7 td_module_wrap td-animation-stack\">\r\n        <div class=\"td-module-thumb\"><a href=\"https:\/\/www.campuseducacion.com\/blog\/guia-oposiciones\/como-elaborar-la-programacion-didactica-segun-lomloe-para-las-oposiciones\/\"  rel=\"bookmark\" class=\"td-image-wrap \" title=\"\u00bfC\u00f3mo elaborar la Programaci\u00f3n Did\u00e1ctica seg\u00fan LOMLOE para las Oposiciones?\" ><img loading=\"lazy\" decoding=\"async\" width=\"100\" height=\"70\" class=\"entry-thumb\" src=\"https:\/\/www.campuseducacion.com\/blog\/wp-content\/uploads\/2023\/01\/Como-elaborar-Programacion-Didactica-2023-segun-LOMLOE-100x70.jpg\"  srcset=\"https:\/\/www.campuseducacion.com\/blog\/wp-content\/uploads\/2023\/01\/Como-elaborar-Programacion-Didactica-2023-segun-LOMLOE-100x70.jpg 100w, https:\/\/www.campuseducacion.com\/blog\/wp-content\/uploads\/2023\/01\/Como-elaborar-Programacion-Didactica-2023-segun-LOMLOE-218x150.jpg 218w\" sizes=\"auto, (max-width: 100px) 100vw, 100px\"  alt=\"\" title=\"\u00bfC\u00f3mo elaborar la Programaci\u00f3n Did\u00e1ctica seg\u00fan LOMLOE para las Oposiciones?\" \/><\/a><\/div>\r\n        <div class=\"item-details\">\r\n            <h3 class=\"entry-title td-module-title\"><a href=\"https:\/\/www.campuseducacion.com\/blog\/guia-oposiciones\/como-elaborar-la-programacion-didactica-segun-lomloe-para-las-oposiciones\/\"  rel=\"bookmark\" title=\"\u00bfC\u00f3mo elaborar la Programaci\u00f3n Did\u00e1ctica seg\u00fan LOMLOE para las Oposiciones?\">\u00bfC\u00f3mo elaborar la Programaci\u00f3n Did\u00e1ctica seg\u00fan LOMLOE para las Oposiciones?<\/a><\/h3>\r\n            <div class=\"td-module-meta-info\">\r\n                                                <span class=\"entry-review-stars\"><i class=\"td-icon-star\"><\/i><i class=\"td-icon-star\"><\/i><i class=\"td-icon-star\"><\/i><i class=\"td-icon-star\"><\/i><i class=\"td-icon-star\"><\/i><\/span>                            <\/div>\r\n\r\n        <\/div>\r\n\r\n        <\/div>\r\n\r\n        \n\t<\/div> <!-- .\/td-block-span12 --><\/div><\/div> <!-- .\/block --><\/div><\/div><\/div><\/div>","protected":false},"excerpt":{"rendered":"\/* custom css - generated by TagDiv Composer *\/ \/* custom css - generated by TagDiv Composer *\/ .tdi_13, .tdi_13 .tdc-columns{ min-height: 0; }.tdi_13, .tdi_13 .tdc-columns{ display: block; }.tdi_13 .tdc-columns{ width: 100%; }.tdi_13:before, .tdi_13:after{ display: table; } \/* custom css - generated by TagDiv Composer *\/ \/* custom css - generated by TagDiv Composer *\/ [...]","protected":false},"author":2,"featured_media":0,"parent":0,"menu_order":0,"comment_status":"closed","ping_status":"closed","template":"","meta":{"tdm_status":"","tdm_grid_status":"","footnotes":""},"class_list":["post-8732","page","type-page","status-publish"],"yoast_head":"<!-- This site is optimized with the Yoast SEO plugin v27.4 - https:\/\/yoast.com\/product\/yoast-seo-wordpress\/ -->\n<title>Etiquetas - Campuseducacion.com<\/title>\n<meta name=\"robots\" content=\"index, follow, max-snippet:-1, max-image-preview:large, max-video-preview:-1\" \/>\n<link rel=\"canonical\" href=\"https:\/\/www.campuseducacion.com\/blog\/etiqueta\/\" \/>\n<meta property=\"og:locale\" content=\"es_ES\" \/>\n<meta property=\"og:type\" content=\"article\" \/>\n<meta property=\"og:title\" content=\"Etiquetas - Campuseducacion.com\" \/>\n<meta property=\"og:url\" content=\"https:\/\/www.campuseducacion.com\/blog\/etiqueta\/\" \/>\n<meta property=\"og:site_name\" content=\"BLOG Noticias Oposiciones y bolsas Trabajo Interinos. Campuseducacion.com\" \/>\n<meta property=\"article:publisher\" content=\"https:\/\/www.facebook.com\/Campuseducacion.es\" \/>\n<meta property=\"article:modified_time\" content=\"2017-01-20T12:53:30+00:00\" \/>\n<meta name=\"twitter:card\" content=\"summary_large_image\" \/>\n<meta name=\"twitter:site\" content=\"@Campuseducacion\" \/>\n<script type=\"application\/ld+json\" class=\"yoast-schema-graph\">{\"@context\":\"https:\\\/\\\/schema.org\",\"@graph\":[{\"@type\":\"WebPage\",\"@id\":\"https:\\\/\\\/www.campuseducacion.com\\\/blog\\\/etiqueta\\\/\",\"url\":\"https:\\\/\\\/www.campuseducacion.com\\\/blog\\\/etiqueta\\\/\",\"name\":\"Etiquetas - Campuseducacion.com\",\"isPartOf\":{\"@id\":\"https:\\\/\\\/www.campuseducacion.com\\\/blog\\\/#website\"},\"datePublished\":\"2017-01-20T12:39:25+00:00\",\"dateModified\":\"2017-01-20T12:53:30+00:00\",\"breadcrumb\":{\"@id\":\"https:\\\/\\\/www.campuseducacion.com\\\/blog\\\/etiqueta\\\/#breadcrumb\"},\"inLanguage\":\"es\",\"potentialAction\":[{\"@type\":\"ReadAction\",\"target\":[\"https:\\\/\\\/www.campuseducacion.com\\\/blog\\\/etiqueta\\\/\"]}]},{\"@type\":\"BreadcrumbList\",\"@id\":\"https:\\\/\\\/www.campuseducacion.com\\\/blog\\\/etiqueta\\\/#breadcrumb\",\"itemListElement\":[{\"@type\":\"ListItem\",\"position\":1,\"name\":\"Portada\",\"item\":\"https:\\\/\\\/www.campuseducacion.com\\\/blog\\\/\"},{\"@type\":\"ListItem\",\"position\":2,\"name\":\"Etiquetas\"}]},{\"@type\":\"WebSite\",\"@id\":\"https:\\\/\\\/www.campuseducacion.com\\\/blog\\\/#website\",\"url\":\"https:\\\/\\\/www.campuseducacion.com\\\/blog\\\/\",\"name\":\"BLOG Noticias Oposiciones y bolsas Trabajo Interinos. Campuseducacion.com\",\"description\":\"Actualidad en Oposiciones Maestros de Infantil Primaria y Profesores Secundaria\",\"potentialAction\":[{\"@type\":\"SearchAction\",\"target\":{\"@type\":\"EntryPoint\",\"urlTemplate\":\"https:\\\/\\\/www.campuseducacion.com\\\/blog\\\/?s={search_term_string}\"},\"query-input\":{\"@type\":\"PropertyValueSpecification\",\"valueRequired\":true,\"valueName\":\"search_term_string\"}}],\"inLanguage\":\"es\"}]}<\/script>\n<!-- \/ Yoast SEO plugin. -->","yoast_head_json":{"title":"Etiquetas - Campuseducacion.com","robots":{"index":"index","follow":"follow","max-snippet":"max-snippet:-1","max-image-preview":"max-image-preview:large","max-video-preview":"max-video-preview:-1"},"canonical":"https:\/\/www.campuseducacion.com\/blog\/etiqueta\/","og_locale":"es_ES","og_type":"article","og_title":"Etiquetas - Campuseducacion.com","og_url":"https:\/\/www.campuseducacion.com\/blog\/etiqueta\/","og_site_name":"BLOG Noticias Oposiciones y bolsas Trabajo Interinos. Campuseducacion.com","article_publisher":"https:\/\/www.facebook.com\/Campuseducacion.es","article_modified_time":"2017-01-20T12:53:30+00:00","twitter_card":"summary_large_image","twitter_site":"@Campuseducacion","schema":{"@context":"https:\/\/schema.org","@graph":[{"@type":"WebPage","@id":"https:\/\/www.campuseducacion.com\/blog\/etiqueta\/","url":"https:\/\/www.campuseducacion.com\/blog\/etiqueta\/","name":"Etiquetas - Campuseducacion.com","isPartOf":{"@id":"https:\/\/www.campuseducacion.com\/blog\/#website"},"datePublished":"2017-01-20T12:39:25+00:00","dateModified":"2017-01-20T12:53:30+00:00","breadcrumb":{"@id":"https:\/\/www.campuseducacion.com\/blog\/etiqueta\/#breadcrumb"},"inLanguage":"es","potentialAction":[{"@type":"ReadAction","target":["https:\/\/www.campuseducacion.com\/blog\/etiqueta\/"]}]},{"@type":"BreadcrumbList","@id":"https:\/\/www.campuseducacion.com\/blog\/etiqueta\/#breadcrumb","itemListElement":[{"@type":"ListItem","position":1,"name":"Portada","item":"https:\/\/www.campuseducacion.com\/blog\/"},{"@type":"ListItem","position":2,"name":"Etiquetas"}]},{"@type":"WebSite","@id":"https:\/\/www.campuseducacion.com\/blog\/#website","url":"https:\/\/www.campuseducacion.com\/blog\/","name":"BLOG Noticias Oposiciones y bolsas Trabajo Interinos. Campuseducacion.com","description":"Actualidad en Oposiciones Maestros de Infantil Primaria y Profesores Secundaria","potentialAction":[{"@type":"SearchAction","target":{"@type":"EntryPoint","urlTemplate":"https:\/\/www.campuseducacion.com\/blog\/?s={search_term_string}"},"query-input":{"@type":"PropertyValueSpecification","valueRequired":true,"valueName":"search_term_string"}}],"inLanguage":"es"}]}},"amp_enabled":true,"_links":{"self":[{"href":"https:\/\/www.campuseducacion.com\/blog\/wp-json\/wp\/v2\/pages\/8732","targetHints":{"allow":["GET"]}}],"collection":[{"href":"https:\/\/www.campuseducacion.com\/blog\/wp-json\/wp\/v2\/pages"}],"about":[{"href":"https:\/\/www.campuseducacion.com\/blog\/wp-json\/wp\/v2\/types\/page"}],"author":[{"embeddable":true,"href":"https:\/\/www.campuseducacion.com\/blog\/wp-json\/wp\/v2\/users\/2"}],"replies":[{"embeddable":true,"href":"https:\/\/www.campuseducacion.com\/blog\/wp-json\/wp\/v2\/comments?post=8732"}],"version-history":[{"count":6,"href":"https:\/\/www.campuseducacion.com\/blog\/wp-json\/wp\/v2\/pages\/8732\/revisions"}],"predecessor-version":[{"id":8735,"href":"https:\/\/www.campuseducacion.com\/blog\/wp-json\/wp\/v2\/pages\/8732\/revisions\/8735"}],"wp:attachment":[{"href":"https:\/\/www.campuseducacion.com\/blog\/wp-json\/wp\/v2\/media?parent=8732"}],"curies":[{"name":"wp","href":"https:\/\/api.w.org\/{rel}","templated":true}]}}